{"id":1350,"date":"2026-02-02T18:02:39","date_gmt":"2026-02-02T23:02:39","guid":{"rendered":"https:\/\/cietip.ups.edu.ec\/?page_id=1350"},"modified":"2026-04-10T11:30:22","modified_gmt":"2026-04-10T16:30:22","slug":"contactos","status":"publish","type":"page","link":"https:\/\/cie.ups.edu.ec\/en\/contactos\/","title":{"rendered":"Contacts"},"content":{"rendered":"<div data-elementor-type=\"wp-page\" data-elementor-id=\"1350\" class=\"elementor elementor-1350\">\n\t\t\t\t<div class=\"elementor-element elementor-element-0965f44 e-flex e-con-boxed e-con e-parent\" data-id=\"0965f44\" data-element_type=\"container\" data-e-type=\"container\">\n\t\t\t\t\t<div class=\"e-con-inner\">\n\t\t\t\t<div class=\"elementor-element elementor-element-b3217c7 elementor-widget elementor-widget-heading\" data-id=\"b3217c7\" data-element_type=\"widget\" data-e-type=\"widget\" data-widget_type=\"heading.default\">\n\t\t\t\t\t<h3 class=\"elementor-heading-title elementor-size-default\">Contact Us<\/h3>\t\t\t\t<\/div>\n\t\t\t\t<div class=\"elementor-element elementor-element-56eae1b elementor-widget elementor-widget-text-editor\" data-id=\"56eae1b\" data-element_type=\"widget\" data-e-type=\"widget\" data-widget_type=\"text-editor.default\">\n\t\t\t\t\t\t\t\t\t<p><span style=\"color: #000000;\"><span style=\"font-size: 16px;\">If you have questions, need more information, or would like to participate in the <b>VII International Conference on Education CIE 2026<\/b>&nbsp;at the Salesian Polytechnic University of Ecuador, we will be happy to assist you.<\/span><\/span><\/p>\n<p style=\"color: #000000; font-size: 16px;\">Our team is available to support you with matters related to:<\/p>\n<ul style=\"color: #000000; font-size: 16px;\">\n<li><a href=\"https:\/\/cie.ups.edu.ec\/en\/registro\/\" target=\"_blank\" rel=\"noopener\">Conference registration<br><\/a><\/li>\n<li><a href=\"https:\/\/cie.ups.edu.ec\/en\/envio-de-articulos\/\" target=\"_blank\" rel=\"noopener\">Paper submissions<br><\/a><\/li>\n<li><a href=\"https:\/\/cie.ups.edu.ec\/en\/instrucciones-para-los-autores\/\" target=\"_blank\" rel=\"noopener\">Author guidelines and instructions<br><\/a><\/li>\n<li><a href=\"https:\/\/cie.ups.edu.ec\/en\/fechas-importantes-2\/\" target=\"_blank\" rel=\"noopener\">Important dates<br><\/a><\/li>\n<li><a href=\"https:\/\/cie.ups.edu.ec\/en\/costos-de-inscripcion\/\" target=\"_blank\" rel=\"noopener\">Registration and payment<br><\/a><\/li>\n<\/ul>\n<p style=\"color: #000000; font-size: 16px;\">You can contact us through the following email address <b>congresocie@ups.edu.ec<\/b><strong><a style=\"color: #f6ac0a;\" href=\"mailto:congresocie@ups.edu.ec\"><br><\/a><\/strong><\/p>\n<p style=\"color: #000000; font-size: 16px;\">We will respond to you as soon as possible.<\/p>\t\t\t\t\t\t\t\t<\/div>\n\t\t<div class=\"elementor-element elementor-element-0d96955 e-con-full e-flex elementor-invisible e-con e-child\" data-id=\"0d96955\" data-element_type=\"container\" data-e-type=\"container\" data-settings=\"{&quot;background_background&quot;:&quot;video&quot;,&quot;background_video_link&quot;:&quot;https:\\\/\\\/www.youtube.com\\\/watch?v=9HaU8NjH7bI&quot;,&quot;animation&quot;:&quot;fadeIn&quot;}\">\n\t\t<div class=\"elementor-background-video-container elementor-hidden-mobile\">\n\t\t\t\t\t\t\t<div class=\"elementor-background-video-embed\" role=\"presentation\"><\/div>\n\t\t\t\t\t\t<\/div>\t\t<\/div>\n\t\t\t\t\t<\/div>\n\t\t\t\t<\/div>\n\t\t\t\t<\/div>","protected":false},"excerpt":{"rendered":"<p>Contacto Si tienes consultas, requieres m\u00e1s informaci\u00f3n o deseas participar en el VII Congreso Internacional de Educaci\u00f3n CIE 2026&nbsp;de la Universidad Polit\u00e9cnica Salesiana, estaremos encantados de atenderte. Nuestro equipo est\u00e1&#8230;<\/p>","protected":false},"author":3,"featured_media":0,"parent":0,"menu_order":0,"comment_status":"closed","ping_status":"closed","template":"","meta":{"_EventAllDay":false,"_EventTimezone":"","_EventStartDate":"","_EventEndDate":"","_EventStartDateUTC":"","_EventEndDateUTC":"","_EventShowMap":false,"_EventShowMapLink":false,"_EventURL":"","_EventCost":"","_EventCostDescription":"","_EventCurrencySymbol":"","_EventCurrencyCode":"","_EventCurrencyPosition":"","_EventDateTimeSeparator":"","_EventTimeRangeSeparator":"","_EventOrganizerID":[],"_EventVenueID":[],"_OrganizerEmail":"","_OrganizerPhone":"","_OrganizerWebsite":"","_VenueAddress":"","_VenueCity":"","_VenueCountry":"","_VenueProvince":"","_VenueState":"","_VenueZip":"","_VenuePhone":"","_VenueURL":"","_VenueStateProvince":"","_VenueLat":"","_VenueLng":"","_VenueShowMap":false,"_VenueShowMapLink":false,"_kadence_starter_templates_imported_post":false,"_kad_post_transparent":"","_kad_post_title":"hide","_kad_post_layout":"fullwidth","_kad_post_sidebar_id":"","_kad_post_content_style":"unboxed","_kad_post_vertical_padding":"hide","_kad_post_feature":"hide","_kad_post_feature_position":"","_kad_post_header":false,"_kad_post_footer":false,"_kad_post_classname":"","footnotes":""},"class_list":["post-1350","page","type-page","status-publish","hentry"],"yoast_head":"<!-- This site is optimized with the Yoast SEO plugin v27.1.1 - https:\/\/yoast.com\/product\/yoast-seo-wordpress\/ -->\n<title>Contactos CIE 2026 - Soporte e Informaci\u00f3n para Participantes<\/title>\n<meta name=\"description\" content=\"Informaci\u00f3n sobre inscripciones, env\u00edo de art\u00edculos, fechas clave, ponencias, costos y participaci\u00f3n en el congreso internacional de educaci\u00f3n.\" \/>\n<meta name=\"robots\" content=\"index, follow, max-snippet:-1, max-image-preview:large, max-video-preview:-1\" \/>\n<link rel=\"canonical\" href=\"https:\/\/cie.ups.edu.ec\/en\/contactos\/\" \/>\n<meta property=\"og:locale\" content=\"en_US\" \/>\n<meta property=\"og:type\" content=\"article\" \/>\n<meta property=\"og:title\" content=\"Contactos CIE 2026 - Soporte e Informaci\u00f3n para Participantes\" \/>\n<meta property=\"og:description\" content=\"Informaci\u00f3n sobre inscripciones, env\u00edo de art\u00edculos, fechas clave, ponencias, costos y participaci\u00f3n en el congreso internacional de educaci\u00f3n.\" \/>\n<meta property=\"og:url\" content=\"https:\/\/cie.ups.edu.ec\/en\/contactos\/\" \/>\n<meta property=\"article:modified_time\" content=\"2026-04-10T16:30:22+00:00\" \/>\n<meta name=\"twitter:card\" content=\"summary_large_image\" \/>\n<meta name=\"twitter:label1\" content=\"Est. reading time\" \/>\n\t<meta name=\"twitter:data1\" content=\"1 minute\" \/>\n<script type=\"application\/ld+json\" class=\"yoast-schema-graph\">{\"@context\":\"https:\/\/schema.org\",\"@graph\":[{\"@type\":\"WebPage\",\"@id\":\"https:\/\/cie.ups.edu.ec\/contactos\/\",\"url\":\"https:\/\/cie.ups.edu.ec\/contactos\/\",\"name\":\"Contactos CIE 2026 - Soporte e Informaci\u00f3n para Participantes\",\"isPartOf\":{\"@id\":\"https:\/\/cie.ups.edu.ec\/#website\"},\"datePublished\":\"2026-02-02T23:02:39+00:00\",\"dateModified\":\"2026-04-10T16:30:22+00:00\",\"description\":\"Informaci\u00f3n sobre inscripciones, env\u00edo de art\u00edculos, fechas clave, ponencias, costos y participaci\u00f3n en el congreso internacional de educaci\u00f3n.\",\"breadcrumb\":{\"@id\":\"https:\/\/cie.ups.edu.ec\/contactos\/#breadcrumb\"},\"inLanguage\":\"en-US\",\"potentialAction\":[{\"@type\":\"ReadAction\",\"target\":[\"https:\/\/cie.ups.edu.ec\/contactos\/\"]}]},{\"@type\":\"BreadcrumbList\",\"@id\":\"https:\/\/cie.ups.edu.ec\/contactos\/#breadcrumb\",\"itemListElement\":[{\"@type\":\"ListItem\",\"position\":1,\"name\":\"Portada\",\"item\":\"https:\/\/cie.ups.edu.ec\/\"},{\"@type\":\"ListItem\",\"position\":2,\"name\":\"Contactos\"}]},{\"@type\":\"WebSite\",\"@id\":\"https:\/\/cie.ups.edu.ec\/#website\",\"url\":\"https:\/\/cie.ups.edu.ec\/\",\"name\":\"\",\"description\":\"\",\"potentialAction\":[{\"@type\":\"SearchAction\",\"target\":{\"@type\":\"EntryPoint\",\"urlTemplate\":\"https:\/\/cie.ups.edu.ec\/?s={search_term_string}\"},\"query-input\":{\"@type\":\"PropertyValueSpecification\",\"valueRequired\":true,\"valueName\":\"search_term_string\"}}],\"inLanguage\":\"en-US\"}]}<\/script>\n<!-- \/ Yoast SEO plugin. -->","yoast_head_json":{"title":"Contactos CIE 2026 - Soporte e Informaci\u00f3n para Participantes","description":"Informaci\u00f3n sobre inscripciones, env\u00edo de art\u00edculos, fechas clave, ponencias, costos y participaci\u00f3n en el congreso internacional de educaci\u00f3n.","robots":{"index":"index","follow":"follow","max-snippet":"max-snippet:-1","max-image-preview":"max-image-preview:large","max-video-preview":"max-video-preview:-1"},"canonical":"https:\/\/cie.ups.edu.ec\/en\/contactos\/","og_locale":"en_US","og_type":"article","og_title":"Contactos CIE 2026 - Soporte e Informaci\u00f3n para Participantes","og_description":"Informaci\u00f3n sobre inscripciones, env\u00edo de art\u00edculos, fechas clave, ponencias, costos y participaci\u00f3n en el congreso internacional de educaci\u00f3n.","og_url":"https:\/\/cie.ups.edu.ec\/en\/contactos\/","article_modified_time":"2026-04-10T16:30:22+00:00","twitter_card":"summary_large_image","twitter_misc":{"Est. reading time":"1 minute"},"schema":{"@context":"https:\/\/schema.org","@graph":[{"@type":"WebPage","@id":"https:\/\/cie.ups.edu.ec\/contactos\/","url":"https:\/\/cie.ups.edu.ec\/contactos\/","name":"Contactos CIE 2026 - Soporte e Informaci\u00f3n para Participantes","isPartOf":{"@id":"https:\/\/cie.ups.edu.ec\/#website"},"datePublished":"2026-02-02T23:02:39+00:00","dateModified":"2026-04-10T16:30:22+00:00","description":"Informaci\u00f3n sobre inscripciones, env\u00edo de art\u00edculos, fechas clave, ponencias, costos y participaci\u00f3n en el congreso internacional de educaci\u00f3n.","breadcrumb":{"@id":"https:\/\/cie.ups.edu.ec\/contactos\/#breadcrumb"},"inLanguage":"en-US","potentialAction":[{"@type":"ReadAction","target":["https:\/\/cie.ups.edu.ec\/contactos\/"]}]},{"@type":"BreadcrumbList","@id":"https:\/\/cie.ups.edu.ec\/contactos\/#breadcrumb","itemListElement":[{"@type":"ListItem","position":1,"name":"Portada","item":"https:\/\/cie.ups.edu.ec\/"},{"@type":"ListItem","position":2,"name":"Contactos"}]},{"@type":"WebSite","@id":"https:\/\/cie.ups.edu.ec\/#website","url":"https:\/\/cie.ups.edu.ec\/","name":"","description":"","potentialAction":[{"@type":"SearchAction","target":{"@type":"EntryPoint","urlTemplate":"https:\/\/cie.ups.edu.ec\/?s={search_term_string}"},"query-input":{"@type":"PropertyValueSpecification","valueRequired":true,"valueName":"search_term_string"}}],"inLanguage":"en-US"}]}},"_links":{"self":[{"href":"https:\/\/cie.ups.edu.ec\/en\/wp-json\/wp\/v2\/pages\/1350","targetHints":{"allow":["GET"]}}],"collection":[{"href":"https:\/\/cie.ups.edu.ec\/en\/wp-json\/wp\/v2\/pages"}],"about":[{"href":"https:\/\/cie.ups.edu.ec\/en\/wp-json\/wp\/v2\/types\/page"}],"author":[{"embeddable":true,"href":"https:\/\/cie.ups.edu.ec\/en\/wp-json\/wp\/v2\/users\/3"}],"replies":[{"embeddable":true,"href":"https:\/\/cie.ups.edu.ec\/en\/wp-json\/wp\/v2\/comments?post=1350"}],"version-history":[{"count":33,"href":"https:\/\/cie.ups.edu.ec\/en\/wp-json\/wp\/v2\/pages\/1350\/revisions"}],"predecessor-version":[{"id":2350,"href":"https:\/\/cie.ups.edu.ec\/en\/wp-json\/wp\/v2\/pages\/1350\/revisions\/2350"}],"wp:attachment":[{"href":"https:\/\/cie.ups.edu.ec\/en\/wp-json\/wp\/v2\/media?parent=1350"}],"curies":[{"name":"wp","href":"https:\/\/api.w.org\/{rel}","templated":true}]}}