{"id":1417,"date":"2026-02-03T15:49:43","date_gmt":"2026-02-03T20:49:43","guid":{"rendered":"https:\/\/cie.ups.edu.ec\/?page_id=1417"},"modified":"2026-04-14T14:12:34","modified_gmt":"2026-04-14T19:12:34","slug":"registro","status":"publish","type":"page","link":"https:\/\/cie.ups.edu.ec\/en\/registro\/","title":{"rendered":"Registration"},"content":{"rendered":"<div data-elementor-type=\"wp-page\" data-elementor-id=\"1417\" class=\"elementor elementor-1417\">\n\t\t\t\t<div class=\"elementor-element elementor-element-531103a e-flex e-con-boxed e-con e-parent\" data-id=\"531103a\" data-element_type=\"container\" data-e-type=\"container\">\n\t\t\t\t\t<div class=\"e-con-inner\">\n\t\t\t\t<div class=\"elementor-element elementor-element-7a4585d elementor-widget elementor-widget-heading\" data-id=\"7a4585d\" data-element_type=\"widget\" data-e-type=\"widget\" data-widget_type=\"heading.default\">\n\t\t\t\t\t<h3 class=\"elementor-heading-title elementor-size-default\">Registration<\/h3>\t\t\t\t<\/div>\n\t\t\t\t\t<\/div>\n\t\t\t\t<\/div>\n\t\t<div class=\"elementor-element elementor-element-4700655 e-flex e-con-boxed e-con e-parent\" data-id=\"4700655\" data-element_type=\"container\" data-e-type=\"container\">\n\t\t\t\t\t<div class=\"e-con-inner\">\n\t\t\t\t<div class=\"elementor-element elementor-element-18c4cf7 elementor-widget elementor-widget-text-editor\" data-id=\"18c4cf7\" data-element_type=\"widget\" data-e-type=\"widget\" data-widget_type=\"text-editor.default\">\n\t\t\t\t\t\t\t\t\t<p data-start=\"132\" data-end=\"332\">Participate in the <strong data-start=\"148\" data-end=\"191\">VII International Conference on Education<\/strong> and become part of a high-level academic space where experiences, research, and innovations in the field of education are shared.<\/p><p data-start=\"334\" data-end=\"488\">The registration process is simple and will allow you to access keynote lectures, paper presentations, and academic activities with national and international experts.<\/p><p data-start=\"490\" data-end=\"601\">Complete your registration to secure your participation and take full advantage of all the benefits offered by this conference.<\/p>\t\t\t\t\t\t\t\t<\/div>\n\t\t\t\t\t<\/div>\n\t\t\t\t<\/div>\n\t\t<div class=\"elementor-element elementor-element-ea46eff e-flex e-con-boxed e-con e-parent\" data-id=\"ea46eff\" data-element_type=\"container\" data-e-type=\"container\">\n\t\t\t\t\t<div class=\"e-con-inner\">\n\t\t\t\t<div class=\"elementor-element elementor-element-3d74377 elementor-align-center elementor-widget elementor-widget-button\" data-id=\"3d74377\" data-element_type=\"widget\" data-e-type=\"widget\" data-widget_type=\"button.default\">\n\t\t\t\t\t\t\t\t\t\t<a class=\"elementor-button elementor-button-link elementor-size-sm\" href=\"https:\/\/cie.ups.edu.ec\/en\/registro\/\">\n\t\t\t\t\t\t<span class=\"elementor-button-content-wrapper\">\n\t\t\t\t\t\t\t\t\t<span class=\"elementor-button-text\">Reg\u00edstrate ahora<\/span>\n\t\t\t\t\t<\/span>\n\t\t\t\t\t<\/a>\n\t\t\t\t\t\t\t\t<\/div>\n\t\t\t\t\t<\/div>\n\t\t\t\t<\/div>\n\t\t<div class=\"elementor-element elementor-element-ef34c0b e-flex e-con-boxed e-con e-parent\" data-id=\"ef34c0b\" data-element_type=\"container\" data-e-type=\"container\" data-settings=\"{&quot;background_background&quot;:&quot;video&quot;,&quot;background_video_link&quot;:&quot;youtube.com\\\/watch?si=wRBIsoFMeAaL768m&amp;v=tx-0bg5OCcE&amp;feature=youtu.be&quot;}\">\n\t\t\t\t\t<div class=\"e-con-inner\">\n\t\t<div class=\"elementor-background-video-container elementor-hidden-mobile\">\n\t\t\t\t\t\t\t<div class=\"elementor-background-video-embed\" role=\"presentation\"><\/div>\n\t\t\t\t\t\t<\/div>\t\t\t<\/div>\n\t\t\t\t<\/div>\n\t\t\t\t<\/div>","protected":false},"excerpt":{"rendered":"<p>Registro Participa en el VII Congreso Internacional de Educaci\u00f3n y forma parte de un espacio acad\u00e9mico de alto nivel, donde se comparten experiencias, investigaciones e innovaciones en el \u00e1mbito educativo&#8230;.<\/p>","protected":false},"author":3,"featured_media":0,"parent":0,"menu_order":0,"comment_status":"closed","ping_status":"closed","template":"","meta":{"_EventAllDay":false,"_EventTimezone":"","_EventStartDate":"","_EventEndDate":"","_EventStartDateUTC":"","_EventEndDateUTC":"","_EventShowMap":false,"_EventShowMapLink":false,"_EventURL":"","_EventCost":"","_EventCostDescription":"","_EventCurrencySymbol":"","_EventCurrencyCode":"","_EventCurrencyPosition":"","_EventDateTimeSeparator":"","_EventTimeRangeSeparator":"","_EventOrganizerID":[],"_EventVenueID":[],"_OrganizerEmail":"","_OrganizerPhone":"","_OrganizerWebsite":"","_VenueAddress":"","_VenueCity":"","_VenueCountry":"","_VenueProvince":"","_VenueState":"","_VenueZip":"","_VenuePhone":"","_VenueURL":"","_VenueStateProvince":"","_VenueLat":"","_VenueLng":"","_VenueShowMap":false,"_VenueShowMapLink":false,"_kadence_starter_templates_imported_post":false,"_kad_post_transparent":"","_kad_post_title":"hide","_kad_post_layout":"fullwidth","_kad_post_sidebar_id":"","_kad_post_content_style":"unboxed","_kad_post_vertical_padding":"hide","_kad_post_feature":"hide","_kad_post_feature_position":"","_kad_post_header":false,"_kad_post_footer":false,"_kad_post_classname":"","footnotes":""},"class_list":["post-1417","page","type-page","status-publish","hentry"],"yoast_head":"<!-- This site is optimized with the Yoast SEO plugin v27.1.1 - https:\/\/yoast.com\/product\/yoast-seo-wordpress\/ -->\n<title>Registro - CIE 2026<\/title>\n<meta name=\"description\" content=\"Inscr\u00edbete al Congreso Internacional de Educaci\u00f3n 2026 y partic\u00edpa en conferencias, ponencias y actividades con expertos en al ambito de la educaci\u00f3n\" \/>\n<meta name=\"robots\" content=\"index, follow, max-snippet:-1, max-image-preview:large, max-video-preview:-1\" \/>\n<link rel=\"canonical\" href=\"https:\/\/cie.ups.edu.ec\/en\/registro\/\" \/>\n<meta property=\"og:locale\" content=\"en_US\" \/>\n<meta property=\"og:type\" content=\"article\" \/>\n<meta property=\"og:title\" content=\"Registro - CIE 2026\" \/>\n<meta property=\"og:description\" content=\"Inscr\u00edbete al Congreso Internacional de Educaci\u00f3n 2026 y partic\u00edpa en conferencias, ponencias y actividades con expertos en al ambito de la educaci\u00f3n\" \/>\n<meta property=\"og:url\" content=\"https:\/\/cie.ups.edu.ec\/en\/registro\/\" \/>\n<meta property=\"article:modified_time\" content=\"2026-04-14T19:12:34+00:00\" \/>\n<meta name=\"twitter:card\" content=\"summary_large_image\" \/>\n<meta name=\"twitter:label1\" content=\"Est. reading time\" \/>\n\t<meta name=\"twitter:data1\" content=\"1 minute\" \/>\n<script type=\"application\/ld+json\" class=\"yoast-schema-graph\">{\"@context\":\"https:\/\/schema.org\",\"@graph\":[{\"@type\":\"WebPage\",\"@id\":\"https:\/\/cie.ups.edu.ec\/registro\/\",\"url\":\"https:\/\/cie.ups.edu.ec\/registro\/\",\"name\":\"Registro - CIE 2026\",\"isPartOf\":{\"@id\":\"https:\/\/cie.ups.edu.ec\/#website\"},\"datePublished\":\"2026-02-03T20:49:43+00:00\",\"dateModified\":\"2026-04-14T19:12:34+00:00\",\"description\":\"Inscr\u00edbete al Congreso Internacional de Educaci\u00f3n 2026 y partic\u00edpa en conferencias, ponencias y actividades con expertos en al ambito de la educaci\u00f3n\",\"breadcrumb\":{\"@id\":\"https:\/\/cie.ups.edu.ec\/registro\/#breadcrumb\"},\"inLanguage\":\"en-US\",\"potentialAction\":[{\"@type\":\"ReadAction\",\"target\":[\"https:\/\/cie.ups.edu.ec\/registro\/\"]}]},{\"@type\":\"BreadcrumbList\",\"@id\":\"https:\/\/cie.ups.edu.ec\/registro\/#breadcrumb\",\"itemListElement\":[{\"@type\":\"ListItem\",\"position\":1,\"name\":\"Portada\",\"item\":\"https:\/\/cie.ups.edu.ec\/\"},{\"@type\":\"ListItem\",\"position\":2,\"name\":\"Registro\"}]},{\"@type\":\"WebSite\",\"@id\":\"https:\/\/cie.ups.edu.ec\/#website\",\"url\":\"https:\/\/cie.ups.edu.ec\/\",\"name\":\"\",\"description\":\"\",\"potentialAction\":[{\"@type\":\"SearchAction\",\"target\":{\"@type\":\"EntryPoint\",\"urlTemplate\":\"https:\/\/cie.ups.edu.ec\/?s={search_term_string}\"},\"query-input\":{\"@type\":\"PropertyValueSpecification\",\"valueRequired\":true,\"valueName\":\"search_term_string\"}}],\"inLanguage\":\"en-US\"}]}<\/script>\n<!-- \/ Yoast SEO plugin. -->","yoast_head_json":{"title":"Registro - CIE 2026","description":"Inscr\u00edbete al Congreso Internacional de Educaci\u00f3n 2026 y partic\u00edpa en conferencias, ponencias y actividades con expertos en al ambito de la educaci\u00f3n","robots":{"index":"index","follow":"follow","max-snippet":"max-snippet:-1","max-image-preview":"max-image-preview:large","max-video-preview":"max-video-preview:-1"},"canonical":"https:\/\/cie.ups.edu.ec\/en\/registro\/","og_locale":"en_US","og_type":"article","og_title":"Registro - CIE 2026","og_description":"Inscr\u00edbete al Congreso Internacional de Educaci\u00f3n 2026 y partic\u00edpa en conferencias, ponencias y actividades con expertos en al ambito de la educaci\u00f3n","og_url":"https:\/\/cie.ups.edu.ec\/en\/registro\/","article_modified_time":"2026-04-14T19:12:34+00:00","twitter_card":"summary_large_image","twitter_misc":{"Est. reading time":"1 minute"},"schema":{"@context":"https:\/\/schema.org","@graph":[{"@type":"WebPage","@id":"https:\/\/cie.ups.edu.ec\/registro\/","url":"https:\/\/cie.ups.edu.ec\/registro\/","name":"Registro - CIE 2026","isPartOf":{"@id":"https:\/\/cie.ups.edu.ec\/#website"},"datePublished":"2026-02-03T20:49:43+00:00","dateModified":"2026-04-14T19:12:34+00:00","description":"Inscr\u00edbete al Congreso Internacional de Educaci\u00f3n 2026 y partic\u00edpa en conferencias, ponencias y actividades con expertos en al ambito de la educaci\u00f3n","breadcrumb":{"@id":"https:\/\/cie.ups.edu.ec\/registro\/#breadcrumb"},"inLanguage":"en-US","potentialAction":[{"@type":"ReadAction","target":["https:\/\/cie.ups.edu.ec\/registro\/"]}]},{"@type":"BreadcrumbList","@id":"https:\/\/cie.ups.edu.ec\/registro\/#breadcrumb","itemListElement":[{"@type":"ListItem","position":1,"name":"Portada","item":"https:\/\/cie.ups.edu.ec\/"},{"@type":"ListItem","position":2,"name":"Registro"}]},{"@type":"WebSite","@id":"https:\/\/cie.ups.edu.ec\/#website","url":"https:\/\/cie.ups.edu.ec\/","name":"","description":"","potentialAction":[{"@type":"SearchAction","target":{"@type":"EntryPoint","urlTemplate":"https:\/\/cie.ups.edu.ec\/?s={search_term_string}"},"query-input":{"@type":"PropertyValueSpecification","valueRequired":true,"valueName":"search_term_string"}}],"inLanguage":"en-US"}]}},"_links":{"self":[{"href":"https:\/\/cie.ups.edu.ec\/en\/wp-json\/wp\/v2\/pages\/1417","targetHints":{"allow":["GET"]}}],"collection":[{"href":"https:\/\/cie.ups.edu.ec\/en\/wp-json\/wp\/v2\/pages"}],"about":[{"href":"https:\/\/cie.ups.edu.ec\/en\/wp-json\/wp\/v2\/types\/page"}],"author":[{"embeddable":true,"href":"https:\/\/cie.ups.edu.ec\/en\/wp-json\/wp\/v2\/users\/3"}],"replies":[{"embeddable":true,"href":"https:\/\/cie.ups.edu.ec\/en\/wp-json\/wp\/v2\/comments?post=1417"}],"version-history":[{"count":37,"href":"https:\/\/cie.ups.edu.ec\/en\/wp-json\/wp\/v2\/pages\/1417\/revisions"}],"predecessor-version":[{"id":2393,"href":"https:\/\/cie.ups.edu.ec\/en\/wp-json\/wp\/v2\/pages\/1417\/revisions\/2393"}],"wp:attachment":[{"href":"https:\/\/cie.ups.edu.ec\/en\/wp-json\/wp\/v2\/media?parent=1417"}],"curies":[{"name":"wp","href":"https:\/\/api.w.org\/{rel}","templated":true}]}}