{"id":1431,"date":"2026-02-03T15:55:42","date_gmt":"2026-02-03T20:55:42","guid":{"rendered":"https:\/\/cie.ups.edu.ec\/?page_id=1431"},"modified":"2026-04-22T15:41:39","modified_gmt":"2026-04-22T20:41:39","slug":"comite-cientifico","status":"publish","type":"page","link":"https:\/\/cie.ups.edu.ec\/en\/comites\/comite-cientifico\/","title":{"rendered":"Scientific Committee\u00a0"},"content":{"rendered":"<div data-elementor-type=\"wp-page\" data-elementor-id=\"1431\" class=\"elementor elementor-1431\">\n\t\t\t\t<div class=\"elementor-element elementor-element-48723f7 e-flex e-con-boxed e-con e-parent\" data-id=\"48723f7\" data-element_type=\"container\" data-e-type=\"container\">\n\t\t\t\t\t<div class=\"e-con-inner\">\n\t\t\t\t<div class=\"elementor-element elementor-element-b05b047 elementor-widget elementor-widget-heading\" data-id=\"b05b047\" data-element_type=\"widget\" data-e-type=\"widget\" data-widget_type=\"heading.default\">\n\t\t\t\t\t<h3 class=\"elementor-heading-title elementor-size-default\">Scientific Committee<\/h3>\t\t\t\t<\/div>\n\t\t\t\t\t<\/div>\n\t\t\t\t<\/div>\n\t\t<div class=\"elementor-element elementor-element-9bc7347 e-flex e-con-boxed e-con e-parent\" data-id=\"9bc7347\" data-element_type=\"container\" data-e-type=\"container\">\n\t\t\t\t\t<div class=\"e-con-inner\">\n\t\t<div class=\"elementor-element elementor-element-beb7b4d e-con-full e-flex e-con e-child\" data-id=\"beb7b4d\" data-element_type=\"container\" data-e-type=\"container\">\n\t\t\t\t<div class=\"elementor-element elementor-element-0c31950 elementor-widget elementor-widget-image\" data-id=\"0c31950\" data-element_type=\"widget\" data-e-type=\"widget\" data-widget_type=\"image.default\">\n\t\t\t\t\t\t\t\t\t\t\t\t\t\t\t<img fetchpriority=\"high\" decoding=\"async\" width=\"1024\" height=\"683\" src=\"https:\/\/cie.ups.edu.ec\/wp-content\/uploads\/sites\/32\/2026\/03\/galeria-cie-2025-5-1024x683.jpg\" class=\"attachment-large size-large wp-image-1866\" alt=\"\" srcset=\"https:\/\/cie.ups.edu.ec\/wp-content\/uploads\/sites\/32\/2026\/03\/galeria-cie-2025-5-1024x683.jpg 1024w, https:\/\/cie.ups.edu.ec\/wp-content\/uploads\/sites\/32\/2026\/03\/galeria-cie-2025-5-300x200.jpg 300w, https:\/\/cie.ups.edu.ec\/wp-content\/uploads\/sites\/32\/2026\/03\/galeria-cie-2025-5-768x512.jpg 768w, https:\/\/cie.ups.edu.ec\/wp-content\/uploads\/sites\/32\/2026\/03\/galeria-cie-2025-5-1536x1024.jpg 1536w, https:\/\/cie.ups.edu.ec\/wp-content\/uploads\/sites\/32\/2026\/03\/galeria-cie-2025-5-2048x1365.jpg 2048w, https:\/\/cie.ups.edu.ec\/wp-content\/uploads\/sites\/32\/2026\/03\/galeria-cie-2025-5-18x12.jpg 18w\" sizes=\"(max-width: 1024px) 100vw, 1024px\" \/>\t\t\t\t\t\t\t\t\t\t\t\t\t\t\t<\/div>\n\t\t\t\t<\/div>\n\t\t<div class=\"elementor-element elementor-element-346535d e-con-full e-flex e-con e-child\" data-id=\"346535d\" data-element_type=\"container\" data-e-type=\"container\">\n\t\t\t\t<div class=\"elementor-element elementor-element-8e81cdc elementor-widget elementor-widget-text-editor\" data-id=\"8e81cdc\" data-element_type=\"widget\" data-e-type=\"widget\" data-widget_type=\"text-editor.default\">\n\t\t\t\t\t\t\t\t\t<ul>\n<li data-olk-copy-source=\"MessageBody\">Dr. Julio Cabero Almenara, University of Sevilla, Spain<\/li>\n<li>Dr. Javier Fern\u00e1ndez R\u00edo, University of Oviedo, Spain<\/li>\n<li>Dr. Antonio M\u00e9ndez Gim\u00e9nez,  University of Oviedo, Spain<\/li>\n<li>Dr. Michal Vojt\u00e1\u0161, Salesian Pontifical University, Italy<\/li>\n<li>Dr. Michail Kalogiannakis, University of Thessaly, Greece<\/li>\n<li>Dr. Stamatios Papadakis, University of Crete, Greece<\/li>\n<li>Dr. Federico Navarro, University of O\u2019Higgins, Argentina<\/li>\n<li>Dr. Mar\u00eda Isabel Pozzo, National University of Rosario, Argentina<\/li>\n<li>Dra. Nerina Fernanda Sarthou, National University of the Center of the Province of Buenos Aires, Argentina&nbsp;<\/li>\n<li>Dr. Neil Gordon, University of Hull, United Kingdom<\/li>\n<li>Dr. Aytekin \u0130\u015fman, University of Sakarya, Turkey<\/li><li>PhD. Ledys Lisbeth Jim\u00e9nez Gonz\u00e1lez, Bolivarian University of Ecuador.<\/li>\n<\/ul>\t\t\t\t\t\t\t\t<\/div>\n\t\t\t\t<\/div>\n\t\t\t\t\t<\/div>\n\t\t\t\t<\/div>\n\t\t\t\t<\/div>","protected":false},"excerpt":{"rendered":"<p>Comit\u00e9 Cient\u00edfico Dr. Julio Cabero Almenara, Universidad de Sevilla, Espa\u00f1a Dr. Javier Fern\u00e1ndez R\u00edo, Universidad de Oviedo, Espa\u00f1a Dr. Antonio M\u00e9ndez Gim\u00e9nez, Universidad de Oviedo, Espa\u00f1a Dr. Michal Vojt\u00e1\u0161, Universidad&#8230;<\/p>","protected":false},"author":3,"featured_media":0,"parent":1429,"menu_order":0,"comment_status":"closed","ping_status":"closed","template":"","meta":{"_EventAllDay":false,"_EventTimezone":"","_EventStartDate":"","_EventEndDate":"","_EventStartDateUTC":"","_EventEndDateUTC":"","_EventShowMap":false,"_EventShowMapLink":false,"_EventURL":"","_EventCost":"","_EventCostDescription":"","_EventCurrencySymbol":"","_EventCurrencyCode":"","_EventCurrencyPosition":"","_EventDateTimeSeparator":"","_EventTimeRangeSeparator":"","_EventOrganizerID":[],"_EventVenueID":[],"_OrganizerEmail":"","_OrganizerPhone":"","_OrganizerWebsite":"","_VenueAddress":"","_VenueCity":"","_VenueCountry":"","_VenueProvince":"","_VenueState":"","_VenueZip":"","_VenuePhone":"","_VenueURL":"","_VenueStateProvince":"","_VenueLat":"","_VenueLng":"","_VenueShowMap":false,"_VenueShowMapLink":false,"_kadence_starter_templates_imported_post":false,"_kad_post_transparent":"","_kad_post_title":"hide","_kad_post_layout":"fullwidth","_kad_post_sidebar_id":"","_kad_post_content_style":"unboxed","_kad_post_vertical_padding":"hide","_kad_post_feature":"hide","_kad_post_feature_position":"","_kad_post_header":false,"_kad_post_footer":false,"_kad_post_classname":"","footnotes":""},"class_list":["post-1431","page","type-page","status-publish","hentry"],"yoast_head":"<!-- This site is optimized with the Yoast SEO plugin v27.1.1 - https:\/\/yoast.com\/product\/yoast-seo-wordpress\/ -->\n<title>Comit\u00e9 Cient\u00edfico\u00a0 del Congreso Internacional de Educaci\u00f3n - CIE 2026<\/title>\n<meta name=\"description\" content=\"Conoc\u00e9 al comit\u00e9 cient\u00edfico internacional del CIE 2026 conformado por acad\u00e9micos y expertos internacionales.\" \/>\n<meta name=\"robots\" content=\"index, follow, max-snippet:-1, max-image-preview:large, max-video-preview:-1\" \/>\n<link rel=\"canonical\" href=\"https:\/\/cie.ups.edu.ec\/en\/comites\/comite-cientifico\/\" \/>\n<meta property=\"og:locale\" content=\"en_US\" \/>\n<meta property=\"og:type\" content=\"article\" \/>\n<meta property=\"og:title\" content=\"Comit\u00e9 Cient\u00edfico\u00a0 del Congreso Internacional de Educaci\u00f3n - CIE 2026\" \/>\n<meta property=\"og:description\" content=\"Conoc\u00e9 al comit\u00e9 cient\u00edfico internacional del CIE 2026 conformado por acad\u00e9micos y expertos internacionales.\" \/>\n<meta property=\"og:url\" content=\"https:\/\/cie.ups.edu.ec\/en\/comites\/comite-cientifico\/\" \/>\n<meta property=\"article:modified_time\" content=\"2026-04-22T20:41:39+00:00\" \/>\n<meta property=\"og:image\" content=\"https:\/\/cie.ups.edu.ec\/wp-content\/uploads\/sites\/32\/2026\/03\/galeria-cie-2025-5-scaled.jpg\" \/>\n\t<meta property=\"og:image:width\" content=\"2560\" \/>\n\t<meta property=\"og:image:height\" content=\"1707\" \/>\n\t<meta property=\"og:image:type\" content=\"image\/jpeg\" \/>\n<meta name=\"twitter:card\" content=\"summary_large_image\" \/>\n<meta name=\"twitter:label1\" content=\"Est. reading time\" \/>\n\t<meta name=\"twitter:data1\" content=\"1 minute\" \/>\n<script type=\"application\/ld+json\" class=\"yoast-schema-graph\">{\"@context\":\"https:\/\/schema.org\",\"@graph\":[{\"@type\":\"WebPage\",\"@id\":\"https:\/\/cie.ups.edu.ec\/comites\/comite-cientifico\/\",\"url\":\"https:\/\/cie.ups.edu.ec\/comites\/comite-cientifico\/\",\"name\":\"Comit\u00e9 Cient\u00edfico\u00a0 del Congreso Internacional de Educaci\u00f3n - CIE 2026\",\"isPartOf\":{\"@id\":\"https:\/\/cie.ups.edu.ec\/#website\"},\"primaryImageOfPage\":{\"@id\":\"https:\/\/cie.ups.edu.ec\/comites\/comite-cientifico\/#primaryimage\"},\"image\":{\"@id\":\"https:\/\/cie.ups.edu.ec\/comites\/comite-cientifico\/#primaryimage\"},\"thumbnailUrl\":\"https:\/\/cie.ups.edu.ec\/wp-content\/uploads\/sites\/32\/2026\/03\/galeria-cie-2025-5-1024x683.jpg\",\"datePublished\":\"2026-02-03T20:55:42+00:00\",\"dateModified\":\"2026-04-22T20:41:39+00:00\",\"description\":\"Conoc\u00e9 al comit\u00e9 cient\u00edfico internacional del CIE 2026 conformado por acad\u00e9micos y expertos internacionales.\",\"breadcrumb\":{\"@id\":\"https:\/\/cie.ups.edu.ec\/comites\/comite-cientifico\/#breadcrumb\"},\"inLanguage\":\"en-US\",\"potentialAction\":[{\"@type\":\"ReadAction\",\"target\":[\"https:\/\/cie.ups.edu.ec\/comites\/comite-cientifico\/\"]}]},{\"@type\":\"ImageObject\",\"inLanguage\":\"en-US\",\"@id\":\"https:\/\/cie.ups.edu.ec\/comites\/comite-cientifico\/#primaryimage\",\"url\":\"https:\/\/cie.ups.edu.ec\/wp-content\/uploads\/sites\/32\/2026\/03\/galeria-cie-2025-5-1024x683.jpg\",\"contentUrl\":\"https:\/\/cie.ups.edu.ec\/wp-content\/uploads\/sites\/32\/2026\/03\/galeria-cie-2025-5-1024x683.jpg\"},{\"@type\":\"BreadcrumbList\",\"@id\":\"https:\/\/cie.ups.edu.ec\/comites\/comite-cientifico\/#breadcrumb\",\"itemListElement\":[{\"@type\":\"ListItem\",\"position\":1,\"name\":\"Portada\",\"item\":\"https:\/\/cie.ups.edu.ec\/\"},{\"@type\":\"ListItem\",\"position\":2,\"name\":\"Comit\u00e9s\",\"item\":\"https:\/\/cie.ups.edu.ec\/comites\/\"},{\"@type\":\"ListItem\",\"position\":3,\"name\":\"Comit\u00e9 Cient\u00edfico\u00a0\"}]},{\"@type\":\"WebSite\",\"@id\":\"https:\/\/cie.ups.edu.ec\/#website\",\"url\":\"https:\/\/cie.ups.edu.ec\/\",\"name\":\"\",\"description\":\"\",\"potentialAction\":[{\"@type\":\"SearchAction\",\"target\":{\"@type\":\"EntryPoint\",\"urlTemplate\":\"https:\/\/cie.ups.edu.ec\/?s={search_term_string}\"},\"query-input\":{\"@type\":\"PropertyValueSpecification\",\"valueRequired\":true,\"valueName\":\"search_term_string\"}}],\"inLanguage\":\"en-US\"}]}<\/script>\n<!-- \/ Yoast SEO plugin. -->","yoast_head_json":{"title":"Comit\u00e9 Cient\u00edfico\u00a0 del Congreso Internacional de Educaci\u00f3n - CIE 2026","description":"Conoc\u00e9 al comit\u00e9 cient\u00edfico internacional del CIE 2026 conformado por acad\u00e9micos y expertos internacionales.","robots":{"index":"index","follow":"follow","max-snippet":"max-snippet:-1","max-image-preview":"max-image-preview:large","max-video-preview":"max-video-preview:-1"},"canonical":"https:\/\/cie.ups.edu.ec\/en\/comites\/comite-cientifico\/","og_locale":"en_US","og_type":"article","og_title":"Comit\u00e9 Cient\u00edfico\u00a0 del Congreso Internacional de Educaci\u00f3n - CIE 2026","og_description":"Conoc\u00e9 al comit\u00e9 cient\u00edfico internacional del CIE 2026 conformado por acad\u00e9micos y expertos internacionales.","og_url":"https:\/\/cie.ups.edu.ec\/en\/comites\/comite-cientifico\/","article_modified_time":"2026-04-22T20:41:39+00:00","og_image":[{"width":2560,"height":1707,"url":"https:\/\/cie.ups.edu.ec\/wp-content\/uploads\/sites\/32\/2026\/03\/galeria-cie-2025-5-scaled.jpg","type":"image\/jpeg"}],"twitter_card":"summary_large_image","twitter_misc":{"Est. reading time":"1 minute"},"schema":{"@context":"https:\/\/schema.org","@graph":[{"@type":"WebPage","@id":"https:\/\/cie.ups.edu.ec\/comites\/comite-cientifico\/","url":"https:\/\/cie.ups.edu.ec\/comites\/comite-cientifico\/","name":"Comit\u00e9 Cient\u00edfico\u00a0 del Congreso Internacional de Educaci\u00f3n - CIE 2026","isPartOf":{"@id":"https:\/\/cie.ups.edu.ec\/#website"},"primaryImageOfPage":{"@id":"https:\/\/cie.ups.edu.ec\/comites\/comite-cientifico\/#primaryimage"},"image":{"@id":"https:\/\/cie.ups.edu.ec\/comites\/comite-cientifico\/#primaryimage"},"thumbnailUrl":"https:\/\/cie.ups.edu.ec\/wp-content\/uploads\/sites\/32\/2026\/03\/galeria-cie-2025-5-1024x683.jpg","datePublished":"2026-02-03T20:55:42+00:00","dateModified":"2026-04-22T20:41:39+00:00","description":"Conoc\u00e9 al comit\u00e9 cient\u00edfico internacional del CIE 2026 conformado por acad\u00e9micos y expertos internacionales.","breadcrumb":{"@id":"https:\/\/cie.ups.edu.ec\/comites\/comite-cientifico\/#breadcrumb"},"inLanguage":"en-US","potentialAction":[{"@type":"ReadAction","target":["https:\/\/cie.ups.edu.ec\/comites\/comite-cientifico\/"]}]},{"@type":"ImageObject","inLanguage":"en-US","@id":"https:\/\/cie.ups.edu.ec\/comites\/comite-cientifico\/#primaryimage","url":"https:\/\/cie.ups.edu.ec\/wp-content\/uploads\/sites\/32\/2026\/03\/galeria-cie-2025-5-1024x683.jpg","contentUrl":"https:\/\/cie.ups.edu.ec\/wp-content\/uploads\/sites\/32\/2026\/03\/galeria-cie-2025-5-1024x683.jpg"},{"@type":"BreadcrumbList","@id":"https:\/\/cie.ups.edu.ec\/comites\/comite-cientifico\/#breadcrumb","itemListElement":[{"@type":"ListItem","position":1,"name":"Portada","item":"https:\/\/cie.ups.edu.ec\/"},{"@type":"ListItem","position":2,"name":"Comit\u00e9s","item":"https:\/\/cie.ups.edu.ec\/comites\/"},{"@type":"ListItem","position":3,"name":"Comit\u00e9 Cient\u00edfico\u00a0"}]},{"@type":"WebSite","@id":"https:\/\/cie.ups.edu.ec\/#website","url":"https:\/\/cie.ups.edu.ec\/","name":"","description":"","potentialAction":[{"@type":"SearchAction","target":{"@type":"EntryPoint","urlTemplate":"https:\/\/cie.ups.edu.ec\/?s={search_term_string}"},"query-input":{"@type":"PropertyValueSpecification","valueRequired":true,"valueName":"search_term_string"}}],"inLanguage":"en-US"}]}},"_links":{"self":[{"href":"https:\/\/cie.ups.edu.ec\/en\/wp-json\/wp\/v2\/pages\/1431","targetHints":{"allow":["GET"]}}],"collection":[{"href":"https:\/\/cie.ups.edu.ec\/en\/wp-json\/wp\/v2\/pages"}],"about":[{"href":"https:\/\/cie.ups.edu.ec\/en\/wp-json\/wp\/v2\/types\/page"}],"author":[{"embeddable":true,"href":"https:\/\/cie.ups.edu.ec\/en\/wp-json\/wp\/v2\/users\/3"}],"replies":[{"embeddable":true,"href":"https:\/\/cie.ups.edu.ec\/en\/wp-json\/wp\/v2\/comments?post=1431"}],"version-history":[{"count":44,"href":"https:\/\/cie.ups.edu.ec\/en\/wp-json\/wp\/v2\/pages\/1431\/revisions"}],"predecessor-version":[{"id":2468,"href":"https:\/\/cie.ups.edu.ec\/en\/wp-json\/wp\/v2\/pages\/1431\/revisions\/2468"}],"up":[{"embeddable":true,"href":"https:\/\/cie.ups.edu.ec\/en\/wp-json\/wp\/v2\/pages\/1429"}],"wp:attachment":[{"href":"https:\/\/cie.ups.edu.ec\/en\/wp-json\/wp\/v2\/media?parent=1431"}],"curies":[{"name":"wp","href":"https:\/\/api.w.org\/{rel}","templated":true}]}}