{"id":1501,"date":"2026-02-18T17:27:16","date_gmt":"2026-02-18T22:27:16","guid":{"rendered":"https:\/\/cie.ups.edu.ec\/?page_id=1501"},"modified":"2026-04-20T16:26:43","modified_gmt":"2026-04-20T21:26:43","slug":"costos-de-inscripcion","status":"publish","type":"page","link":"https:\/\/cie.ups.edu.ec\/en\/costos-de-inscripcion\/","title":{"rendered":"Registration Fees"},"content":{"rendered":"<div data-elementor-type=\"wp-page\" data-elementor-id=\"1501\" class=\"elementor elementor-1501\">\n\t\t\t\t<div class=\"elementor-element elementor-element-3ab82c6 e-flex e-con-boxed e-con e-parent\" data-id=\"3ab82c6\" data-element_type=\"container\" data-e-type=\"container\">\n\t\t\t\t\t<div class=\"e-con-inner\">\n\t\t\t\t<div class=\"elementor-element elementor-element-e203558 elementor-widget elementor-widget-heading\" data-id=\"e203558\" data-element_type=\"widget\" data-e-type=\"widget\" data-widget_type=\"heading.default\">\n\t\t\t\t\t<h3 class=\"elementor-heading-title elementor-size-default\">Registration Fees<\/h3>\t\t\t\t<\/div>\n\t\t\t\t\t<\/div>\n\t\t\t\t<\/div>\n\t\t<div class=\"elementor-element elementor-element-8700439 e-flex e-con-boxed e-con e-parent\" data-id=\"8700439\" data-element_type=\"container\" data-e-type=\"container\">\n\t\t\t\t\t<div class=\"e-con-inner\">\n\t\t\t\t<div class=\"elementor-element elementor-element-2fe1ce8 elementor-widget elementor-widget-text-editor\" data-id=\"2fe1ce8\" data-element_type=\"widget\" data-e-type=\"widget\" data-widget_type=\"text-editor.default\">\n\t\t\t\t\t\t\t\t\t<h4>Registration<\/h4>\n<table style=\"width: 100%; border-collapse: collapse;\" border=\"1\" cellpadding=\"10\">\n<thead>\n<tr style=\"background-color: #f2f2f2;\">\n<th>Category<\/th>\n<th>Registration Fee<\/th>\n<\/tr>\n<\/thead>\n<tbody>\n<tr>\n<td>Accepted Paper<\/td>\n<td>$180,00 USD<\/td>\n<\/tr>\n<tr>\n<td>Attendee<\/td>\n<td>$40,00 USD<\/td>\n<\/tr>\n<\/tbody>\n<\/table>\t\t\t\t\t\t\t\t<\/div>\n\t\t\t\t<div class=\"elementor-element elementor-element-727c722 elementor-widget elementor-widget-text-editor\" data-id=\"727c722\" data-element_type=\"widget\" data-e-type=\"widget\" data-widget_type=\"text-editor.default\">\n\t\t\t\t\t\t\t\t\t<div class=\"x_elementToProof\" data-olk-copy-source=\"MessageBody\"><strong>Important Note:<\/strong><\/div><div class=\"x_elementToProof\"><strong>The fee applies per accepted paper, regardless of the number of authors. The payment covers the participation of all co-authors included in the paper.<\/strong><\/div>\t\t\t\t\t\t\t\t<\/div>\n\t\t<div class=\"elementor-element elementor-element-3ec4507 e-con-full e-flex e-con e-child\" data-id=\"3ec4507\" data-element_type=\"container\" data-e-type=\"container\">\n\t\t\t\t<div class=\"elementor-element elementor-element-9f7988b elementor-widget elementor-widget-text-editor\" data-id=\"9f7988b\" data-element_type=\"widget\" data-e-type=\"widget\" data-widget_type=\"text-editor.default\">\n\t\t\t\t\t\t\t\t\t<h3><span style=\"background-color: rgba(0, 0, 0, 0);\">Payment Methods<\/span><\/h3>\n<p>Credit card, online payment, bank teller payment (Banco del Pac\u00edfico or Banco Pichincha), direct deposit,<br>or bank transfer.<\/p>\n<h4>Payment Procedure<\/h4>\n<h4>Step 1: Registration<\/h4>\n<p>Complete the registration form available on the conference website.<br>Once registered, you will be able to proceed with the payment through the available payment channels.<\/p>\n<h4>Step 2: Payment Methods<\/h4>\n<h4>Online Payment with Credit Card<\/h4>\n<p>You may complete the payment directly through the online payment platform enabled for the event.<\/p>\n<h4>Online Payment or Bank Teller Payment<\/h4>\n<h5>Banco del Pac\u00edfico<\/h5>\n<p>Select <strong>Educational Institutions<\/strong>, then choose <strong>UPS CUE<\/strong> and enter your identification number.<\/p>\n<h5>Banco Pichincha<\/h5>\n<p>Steps: Payments \u2192 Services \u2192 Invoices \u2192 New Payment<br>Search <strong>Salesian Polytechnic University of Ecuador<\/strong>, select <strong>UPS Cuenca&nbsp;<\/strong>and enter your identification number.<br>Do not forget to include the payment description.<\/p>\n<p>In both banks, you must indicate: <strong>Universidad Polit\u00e9cnica Salesiana Cuenca&nbsp;<\/strong>and the participant\u2019s identification number.<\/p>\n<h4>Bank Deposit or Bank Transfer<\/h4>\n<p><strong>Bank:<\/strong> Banco del Pac\u00edfico<br><strong>Account Type:<\/strong> Checking Account<br><strong>Account Number:<\/strong>&nbsp;<!--StartFragment--><span style=\"direction: ltr; margin-top: 1em; margin-bottom: 1em;\" data-olk-copy-source=\"MessageBody\">7577834<\/span><!--EndFragment--><br><strong>Account Holder:<\/strong> Salesian Polytechnic University of Ecuador<br><strong>Currency:<\/strong> USD<br><strong>Tax ID (RUC):<\/strong> 0190151530001<\/p>\n<h4>International Bank Transfers<\/h4>\n<p><strong>SWIFT Code:<\/strong>&nbsp;<!--StartFragment--><span style=\"direction: ltr; margin-top: 1em; margin-bottom: 1em;\" data-olk-copy-source=\"MessageBody\">PACIECEG<\/span><!--EndFragment--><br><strong>Bank Address:<\/strong>&nbsp;<!--StartFragment--><span style=\"direction: ltr; margin-top: 1em; margin-bottom: 1em;\" data-olk-copy-source=\"MessageBody\">AV GRAN COLOMBIA<\/span><!--EndFragment--><br><strong>Bank Phone:<\/strong>&nbsp;<span style=\"background-color: rgba(0, 0, 0, 0);\">3731500 (national service line)<\/span><\/p>\n<p><!--StartFragment--><!--EndFragment--><\/p>\n<h4>Proof of Payment Submission<\/h4>\n<p>Once the payment has been completed, please send the proof of payment to the following email address: <strong>mchaca@ups.edu.ec&nbsp;<\/strong><\/p>\n<p><strong>Subject:<\/strong> CIE2026_PAYMENT_FULL NAME<\/p>\n<p>The email must include:<\/p>\n<ul>\n<li>Participant\u2019s full name<\/li>\n<li>Identification number<\/li>\n<li>Registration category<\/li>\n<li>Attached proof of payment<\/li>\n<\/ul>\n<div>\n<h4 style=\"margin-top: 1.5em; margin-bottom: 0.5em;\"><span style=\"background-color: rgba(0, 0, 0, 0);\">Questions and Support<\/span><\/h4>\n<h4 style=\"margin-top: 1.5em; margin-bottom: 0.5em;\"><span style=\"background-color: rgba(0, 0, 0, 0); font-size: 19px; font-weight: 400;\"><font color=\"#7a7a7a\">For additional information about the conference, paper submissions, or other matters, you may write to:<\/font><\/span><span style=\"font-family: Roboto, sans-serif; background-color: rgba(0, 0, 0, 0); color: rgb(122, 122, 122); font-weight: 400; font-size: 19px;\">&nbsp;<\/span><span style=\"font-family: Roboto, sans-serif; background-color: rgba(0, 0, 0, 0); color: rgb(122, 122, 122); font-size: 19px;\">congresocie@ups.edu.ec<\/span><\/h4>\n<\/div>\t\t\t\t\t\t\t\t<\/div>\n\t\t\t\t<\/div>\n\t\t\t\t\t<\/div>\n\t\t\t\t<\/div>\n\t\t<div class=\"elementor-element elementor-element-71a7cbf e-flex e-con-boxed e-con e-parent\" data-id=\"71a7cbf\" data-element_type=\"container\" data-e-type=\"container\">\n\t\t\t\t\t<div class=\"e-con-inner\">\n\t\t\t\t<div class=\"elementor-element elementor-element-74f1a78 elementor-widget elementor-widget-spacer\" data-id=\"74f1a78\" data-element_type=\"widget\" data-e-type=\"widget\" data-widget_type=\"spacer.default\">\n\t\t\t\t\t\t\t<div class=\"elementor-spacer\">\n\t\t\t<div class=\"elementor-spacer-inner\"><\/div>\n\t\t<\/div>\n\t\t\t\t\t\t<\/div>\n\t\t\t\t\t<\/div>\n\t\t\t\t<\/div>\n\t\t\t\t<\/div>","protected":false},"excerpt":{"rendered":"<p>Costos de inscripci\u00f3n Inscripci\u00f3n Concepto Tarifa Paper aceptado $180,00 USD Asistente $40,00 USD Nota aclaratoria:*La tarifa se aplica por paper aceptado, independientemente del n\u00famero de autores. El pago cubre la&#8230;<\/p>","protected":false},"author":3,"featured_media":0,"parent":0,"menu_order":0,"comment_status":"closed","ping_status":"closed","template":"","meta":{"_EventAllDay":false,"_EventTimezone":"","_EventStartDate":"","_EventEndDate":"","_EventStartDateUTC":"","_EventEndDateUTC":"","_EventShowMap":false,"_EventShowMapLink":false,"_EventURL":"","_EventCost":"","_EventCostDescription":"","_EventCurrencySymbol":"","_EventCurrencyCode":"","_EventCurrencyPosition":"","_EventDateTimeSeparator":"","_EventTimeRangeSeparator":"","_EventOrganizerID":[],"_EventVenueID":[],"_OrganizerEmail":"","_OrganizerPhone":"","_OrganizerWebsite":"","_VenueAddress":"","_VenueCity":"","_VenueCountry":"","_VenueProvince":"","_VenueState":"","_VenueZip":"","_VenuePhone":"","_VenueURL":"","_VenueStateProvince":"","_VenueLat":"","_VenueLng":"","_VenueShowMap":false,"_VenueShowMapLink":false,"_kadence_starter_templates_imported_post":false,"_kad_post_transparent":"","_kad_post_title":"hide","_kad_post_layout":"fullwidth","_kad_post_sidebar_id":"","_kad_post_content_style":"unboxed","_kad_post_vertical_padding":"hide","_kad_post_feature":"hide","_kad_post_feature_position":"","_kad_post_header":false,"_kad_post_footer":false,"_kad_post_classname":"","footnotes":""},"class_list":["post-1501","page","type-page","status-publish","hentry"],"yoast_head":"<!-- This site is optimized with the Yoast SEO plugin v27.1.1 - https:\/\/yoast.com\/product\/yoast-seo-wordpress\/ -->\n<title>Costos de inscripci\u00f3n - CIE 2026<\/title>\n<meta name=\"description\" content=\"Informaci\u00f3n sobre costos de inscripci\u00f3n, m\u00e9todos de pago y procedimiento para completar tu registro.\" \/>\n<meta name=\"robots\" content=\"index, follow, max-snippet:-1, max-image-preview:large, max-video-preview:-1\" \/>\n<link rel=\"canonical\" href=\"https:\/\/cie.ups.edu.ec\/en\/costos-de-inscripcion\/\" \/>\n<meta property=\"og:locale\" content=\"en_US\" \/>\n<meta property=\"og:type\" content=\"article\" \/>\n<meta property=\"og:title\" content=\"Costos de inscripci\u00f3n - CIE 2026\" \/>\n<meta property=\"og:description\" content=\"Informaci\u00f3n sobre costos de inscripci\u00f3n, m\u00e9todos de pago y procedimiento para completar tu registro.\" \/>\n<meta property=\"og:url\" content=\"https:\/\/cie.ups.edu.ec\/en\/costos-de-inscripcion\/\" \/>\n<meta property=\"article:modified_time\" content=\"2026-04-20T21:26:43+00:00\" \/>\n<meta name=\"twitter:card\" content=\"summary_large_image\" \/>\n<meta name=\"twitter:label1\" content=\"Est. reading time\" \/>\n\t<meta name=\"twitter:data1\" content=\"2 minutes\" \/>\n<script type=\"application\/ld+json\" class=\"yoast-schema-graph\">{\"@context\":\"https:\/\/schema.org\",\"@graph\":[{\"@type\":\"WebPage\",\"@id\":\"https:\/\/cie.ups.edu.ec\/costos-de-inscripcion\/\",\"url\":\"https:\/\/cie.ups.edu.ec\/costos-de-inscripcion\/\",\"name\":\"Costos de inscripci\u00f3n - CIE 2026\",\"isPartOf\":{\"@id\":\"https:\/\/cie.ups.edu.ec\/#website\"},\"datePublished\":\"2026-02-18T22:27:16+00:00\",\"dateModified\":\"2026-04-20T21:26:43+00:00\",\"description\":\"Informaci\u00f3n sobre costos de inscripci\u00f3n, m\u00e9todos de pago y procedimiento para completar tu registro.\",\"breadcrumb\":{\"@id\":\"https:\/\/cie.ups.edu.ec\/costos-de-inscripcion\/#breadcrumb\"},\"inLanguage\":\"en-US\",\"potentialAction\":[{\"@type\":\"ReadAction\",\"target\":[\"https:\/\/cie.ups.edu.ec\/costos-de-inscripcion\/\"]}]},{\"@type\":\"BreadcrumbList\",\"@id\":\"https:\/\/cie.ups.edu.ec\/costos-de-inscripcion\/#breadcrumb\",\"itemListElement\":[{\"@type\":\"ListItem\",\"position\":1,\"name\":\"Portada\",\"item\":\"https:\/\/cie.ups.edu.ec\/\"},{\"@type\":\"ListItem\",\"position\":2,\"name\":\"Costos de inscripci\u00f3n\"}]},{\"@type\":\"WebSite\",\"@id\":\"https:\/\/cie.ups.edu.ec\/#website\",\"url\":\"https:\/\/cie.ups.edu.ec\/\",\"name\":\"\",\"description\":\"\",\"potentialAction\":[{\"@type\":\"SearchAction\",\"target\":{\"@type\":\"EntryPoint\",\"urlTemplate\":\"https:\/\/cie.ups.edu.ec\/?s={search_term_string}\"},\"query-input\":{\"@type\":\"PropertyValueSpecification\",\"valueRequired\":true,\"valueName\":\"search_term_string\"}}],\"inLanguage\":\"en-US\"}]}<\/script>\n<!-- \/ Yoast SEO plugin. -->","yoast_head_json":{"title":"Costos de inscripci\u00f3n - CIE 2026","description":"Informaci\u00f3n sobre costos de inscripci\u00f3n, m\u00e9todos de pago y procedimiento para completar tu registro.","robots":{"index":"index","follow":"follow","max-snippet":"max-snippet:-1","max-image-preview":"max-image-preview:large","max-video-preview":"max-video-preview:-1"},"canonical":"https:\/\/cie.ups.edu.ec\/en\/costos-de-inscripcion\/","og_locale":"en_US","og_type":"article","og_title":"Costos de inscripci\u00f3n - CIE 2026","og_description":"Informaci\u00f3n sobre costos de inscripci\u00f3n, m\u00e9todos de pago y procedimiento para completar tu registro.","og_url":"https:\/\/cie.ups.edu.ec\/en\/costos-de-inscripcion\/","article_modified_time":"2026-04-20T21:26:43+00:00","twitter_card":"summary_large_image","twitter_misc":{"Est. reading time":"2 minutes"},"schema":{"@context":"https:\/\/schema.org","@graph":[{"@type":"WebPage","@id":"https:\/\/cie.ups.edu.ec\/costos-de-inscripcion\/","url":"https:\/\/cie.ups.edu.ec\/costos-de-inscripcion\/","name":"Costos de inscripci\u00f3n - CIE 2026","isPartOf":{"@id":"https:\/\/cie.ups.edu.ec\/#website"},"datePublished":"2026-02-18T22:27:16+00:00","dateModified":"2026-04-20T21:26:43+00:00","description":"Informaci\u00f3n sobre costos de inscripci\u00f3n, m\u00e9todos de pago y procedimiento para completar tu registro.","breadcrumb":{"@id":"https:\/\/cie.ups.edu.ec\/costos-de-inscripcion\/#breadcrumb"},"inLanguage":"en-US","potentialAction":[{"@type":"ReadAction","target":["https:\/\/cie.ups.edu.ec\/costos-de-inscripcion\/"]}]},{"@type":"BreadcrumbList","@id":"https:\/\/cie.ups.edu.ec\/costos-de-inscripcion\/#breadcrumb","itemListElement":[{"@type":"ListItem","position":1,"name":"Portada","item":"https:\/\/cie.ups.edu.ec\/"},{"@type":"ListItem","position":2,"name":"Costos de inscripci\u00f3n"}]},{"@type":"WebSite","@id":"https:\/\/cie.ups.edu.ec\/#website","url":"https:\/\/cie.ups.edu.ec\/","name":"","description":"","potentialAction":[{"@type":"SearchAction","target":{"@type":"EntryPoint","urlTemplate":"https:\/\/cie.ups.edu.ec\/?s={search_term_string}"},"query-input":{"@type":"PropertyValueSpecification","valueRequired":true,"valueName":"search_term_string"}}],"inLanguage":"en-US"}]}},"_links":{"self":[{"href":"https:\/\/cie.ups.edu.ec\/en\/wp-json\/wp\/v2\/pages\/1501","targetHints":{"allow":["GET"]}}],"collection":[{"href":"https:\/\/cie.ups.edu.ec\/en\/wp-json\/wp\/v2\/pages"}],"about":[{"href":"https:\/\/cie.ups.edu.ec\/en\/wp-json\/wp\/v2\/types\/page"}],"author":[{"embeddable":true,"href":"https:\/\/cie.ups.edu.ec\/en\/wp-json\/wp\/v2\/users\/3"}],"replies":[{"embeddable":true,"href":"https:\/\/cie.ups.edu.ec\/en\/wp-json\/wp\/v2\/comments?post=1501"}],"version-history":[{"count":35,"href":"https:\/\/cie.ups.edu.ec\/en\/wp-json\/wp\/v2\/pages\/1501\/revisions"}],"predecessor-version":[{"id":2430,"href":"https:\/\/cie.ups.edu.ec\/en\/wp-json\/wp\/v2\/pages\/1501\/revisions\/2430"}],"wp:attachment":[{"href":"https:\/\/cie.ups.edu.ec\/en\/wp-json\/wp\/v2\/media?parent=1501"}],"curies":[{"name":"wp","href":"https:\/\/api.w.org\/{rel}","templated":true}]}}