{"id":1572,"date":"2026-02-20T17:22:06","date_gmt":"2026-02-20T22:22:06","guid":{"rendered":"https:\/\/cie.ups.edu.ec\/?page_id=1572"},"modified":"2026-04-22T15:59:24","modified_gmt":"2026-04-22T20:59:24","slug":"ejes-tematicos","status":"publish","type":"page","link":"https:\/\/cie.ups.edu.ec\/en\/ejes-tematicos\/","title":{"rendered":"Thematic Tracks"},"content":{"rendered":"<div data-elementor-type=\"wp-page\" data-elementor-id=\"1572\" class=\"elementor elementor-1572\">\n\t\t\t\t<div class=\"elementor-element elementor-element-fe073bc e-flex e-con-boxed e-con e-parent\" data-id=\"fe073bc\" data-element_type=\"container\" data-e-type=\"container\">\n\t\t\t\t\t<div class=\"e-con-inner\">\n\t\t\t\t<div class=\"elementor-element elementor-element-53ca702 elementor-widget elementor-widget-heading\" data-id=\"53ca702\" data-element_type=\"widget\" data-e-type=\"widget\" data-widget_type=\"heading.default\">\n\t\t\t\t\t<h3 class=\"elementor-heading-title elementor-size-default\">Thematic Tracks<\/h3>\t\t\t\t<\/div>\n\t\t\t\t\t<\/div>\n\t\t\t\t<\/div>\n\t\t<div class=\"elementor-element elementor-element-734d95c e-flex e-con-boxed e-con e-parent\" data-id=\"734d95c\" data-element_type=\"container\" data-e-type=\"container\">\n\t\t\t\t\t<div class=\"e-con-inner\">\n\t\t\t\t<div class=\"elementor-element elementor-element-6b835db elementor-widget elementor-widget-text-editor\" data-id=\"6b835db\" data-element_type=\"widget\" data-e-type=\"widget\" data-widget_type=\"text-editor.default\">\n\t\t\t\t\t\t\t\t\t<style>\n  .tabla-ejes {\n    width: 100%;\n    border-collapse: collapse;\n    font-family: Arial, sans-serif;\n  }\n\n  .tabla-ejes th {\n    background-color: #143a63;\n    color: #ffffff;\n    padding: 14px;\n    text-align: center;\n    font-size: 16px;\n  }\n\n  .tabla-ejes td {\n    background-color: #f2f2f2;\n    padding: 12px;\n    vertical-align: top;\n    border: 1px solid #dcdcdc;\n    font-size: 14px;\n    line-height: 1.5;\n  }\n\n  .tabla-ejes tr:nth-child(even) td {\n    background-color: #e9e9e9;\n  }\n<\/style>\n\n<table class=\"tabla-ejes\">\n  <thead>\n    <tr>\n      <th>Track 1<br><strong>Emerging Technologies and Intelligent Education<\/strong><\/th>\n      <th>Track 2<br><strong>Personalized Learning and Adaptive Systems<\/strong><\/th>\n      <th>Track 3<br><strong>Gamification, Simulation, and Immersive Environments<\/strong><\/th>\n      <th>Track 4<br><strong>Youth, Preventive Education, and Social Transformation<\/strong><\/th>\n    <\/tr>\n  <\/thead>\n  <tbody>\n    <tr>\n      <td>Applications of Artificial Intelligence in Personalized Learning.<\/td>\n      <td>Teacher development and the use of intelligent tutoring systems in inclusive technological contexts, considering the ethical dimension of teaching.<\/td>\n      <td>Design of inclusive educational video games.<\/td>\n      <td>Intercultural education as an agent of change and social transformation for youth.<\/td>\n    <\/tr>\n\n    <tr>\n      <td>Machine learning\u2013based models and platforms for predicting student performance.<\/td>\n      <td>Research-Based Learning (RBL), Project-Based Learning (PBL), and Challenge-Based Learning (CBL) integrated with technology.<\/td>\n      <td>Gamification elements in Learning Management Systems (LMS).<\/td>\n      <td>The Salesian Preventive System and its contribution to educational models.<\/td>\n    <\/tr>\n\n    <tr>\n      <td>Platforms based on Blockchain for academic certification.<\/td>\n      <td>Adaptive and inclusive evaluation based on data analytics.<\/td>\n      <td>Simulations in STEM, medical, and health-related environments.<\/td>\n      <td>Youth, education, and the development of critical thinking.<\/td>\n    <\/tr>\n\n    <tr>\n      <td>Chatbots and virtual assistants in teaching\u2013learning processes with an inclusive approach.<\/td>\n      <td>Big Data and analytics for the personalization of learning and educational decision-making.<\/td>\n      <td>Emotional and motivational impact of games in learning processes.<\/td>\n      <td>Didactics and pedagogical approaches considering the transcendent meaning of learning and teaching.<\/td>\n    <\/tr>\n\n    <tr>\n      <td>Predictive analytics for early intervention in teaching\u2013learning processes.<\/td>\n      <td>MOOCs, micro-credentials, and flexible learning models, including microlearning and nanolearning.<\/td>\n      <td>Measurement of engagement through game-based dynamics.<\/td>\n      <td>Youth educational horizons and human dignity in the digital age.<\/td>\n    <\/tr>\n\n    <tr>\n      <td>Generative artificial intelligence and autonomous agents applied to education.<\/td>\n      <td>Curriculum design supported by generative artificial intelligence.<\/td>\n      <td>Neuroeducation applied to immersive and gaming learning experiences.<\/td>\n      <td>Sports pedagogy in the integral and preventive development of youth.<\/td>\n    <\/tr>\n  <\/tbody>\n<\/table>\t\t\t\t\t\t\t\t<\/div>\n\t\t\t\t\t<\/div>\n\t\t\t\t<\/div>\n\t\t<div class=\"elementor-element elementor-element-2af7c0f e-flex e-con-boxed e-con e-parent\" data-id=\"2af7c0f\" data-element_type=\"container\" data-e-type=\"container\">\n\t\t\t\t\t<div class=\"e-con-inner\">\n\t\t\t\t<div class=\"elementor-element elementor-element-601c2c5 elementor-widget elementor-widget-heading\" data-id=\"601c2c5\" data-element_type=\"widget\" data-e-type=\"widget\" data-widget_type=\"heading.default\">\n\t\t\t\t\t<h3 class=\"elementor-heading-title elementor-size-default\"><br>Thematic Tracks Objectives<\/h3>\t\t\t\t<\/div>\n\t\t\t\t\t<\/div>\n\t\t\t\t<\/div>\n\t\t<div class=\"elementor-element elementor-element-1b901f9 e-flex e-con-boxed e-con e-parent\" data-id=\"1b901f9\" data-element_type=\"container\" data-e-type=\"container\">\n\t\t\t\t\t<div class=\"e-con-inner\">\n\t\t\t\t<div class=\"elementor-element elementor-element-4139df1 elementor-widget elementor-widget-text-editor\" data-id=\"4139df1\" data-element_type=\"widget\" data-e-type=\"widget\" data-widget_type=\"text-editor.default\">\n\t\t\t\t\t\t\t\t\t<div>\n<section>\n<h4>Track 1: Emerging Technologies and Intelligent Education<\/h4>\n<div>Track Coordinators: PhD. Vladimir Robles, PhD. Esteban Inga, Fr. Marcos Mart\u00ednez, SDB, Mgstr. Miguel Quiroz.<\/div>\n<p><strong>Specific Objective<\/strong><br>To analyze and apply emerging technologies, such as artificial intelligence, machine learning, data analytics, and intelligent systems, to strengthen and transform educational processes, promoting personalized learning, improving academic performance, and supporting evidence-based decision-making.<\/p>\n<p><strong>Thematic areas:<\/strong><\/p>\n<ol>\n<li>Applications of Artificial Intelligence in Personalized Learning.<\/li>\n<li>Machine learning\u2013based models and platforms for predicting student performance.<\/li>\n<li>Platforms based on Blockchain for academic certification.<\/li>\n<li>Chatbots and virtual assistants in teaching\u2013learning processes with an inclusive approach.<\/li>\n<li>Predictive analytics for early intervention in teaching\u2013learning processes.<\/li>\n<li>Generative artificial intelligence and autonomous agents applied to education.<\/li>\n<\/ol>\n<div>&nbsp;<\/div>\n<\/section>\n<section>\n<h4>Track 2: Personalized Learning and Adaptive Systems<\/h4>\n<div>Track Coordinators: PhD. Raquel Ayala Carabaio, PhD. Angela Flores, PhD. Susana Lam, Mgstr. Joe Llerena.<\/div>\n<p><strong>Specific Objective<\/strong><br>To examine and strengthen innovative pedagogical approaches based on personalized learning and adaptive systems, integrating digital technologies, artificial intelligence, and data analytics to optimize teaching processes, assessment methods, and teacher training in dynamic and diverse educational contexts.<\/p>\n<p><strong>Thematic areas:<\/strong><\/p>\n<ol>\n<li>Teacher development and the use of intelligent tutoring systems in inclusive technological contexts, considering the ethical dimension of teaching.<\/li>\n<li>Research-Based Learning (RBL), Project-Based Learning (PBL), and Challenge-Based Learning (CBL) integrated with technology.<\/li>\n<li>Adaptive and inclusive evaluation based on data analytics.<\/li>\n<li>Big Data and analytics for the personalization of learning and educational decision-making.<\/li>\n<li>MOOCs, micro-credentials, and flexible learning models, including microlearning and nanolearning.<\/li>\n<li>Curriculum design supported by generative artificial intelligence.<\/li>\n<\/ol>\n<div>&nbsp;<\/div>\n<\/section>\n<section>\n<h4>Track 3: Gamification, Simulation, and Immersive Environments<\/h4>\n<div>Track Coordinators: PhD. Angel Torres, PhD. Germ\u00e1n Ar\u00e9valo, PhD. Gustavo Bravo, Mgstr. Santiago Castro.<\/div>\n<p><strong>Specific Objective<\/strong><br>To explore and promote the use of strategies based on gamification, simulation, and immersive environments in educational processes, aimed at strengthening engagement, motivation, and the overall learning experience through innovative methodologies supported by digital technologies.<\/p>\n<p><strong>Thematic areas:<\/strong><\/p>\n<ol>\n<li>Design of inclusive educational video games.<\/li>\n<li>Gamification elements in Learning Management Systems (LMS).<\/li>\n<li>Simulations in STEM, medical, and health-related environments.<\/li>\n<li>Emotional and motivational impact of games in learning processes.<\/li>\n<li>Measurement of engagement through game-based dynamics.<\/li>\n<li>Neuroeducation applied to immersive and gaming learning experiences.<\/li>\n<\/ol>\n<div>&nbsp;<\/div>\n<\/section>\n<section>\n<h4>Track 4: Youth, Preventive Education, and Social Transformation<\/h4>\n<div>Track Coordinators: PhD (c). Alicia Cede\u00f1o, PhD. Mar\u00eda Sol Villag\u00f3mez, Fr. Mauricio Leima, SDB, Mgstr. Jessica Rivadeneira.<\/div>\n<p><strong>Specific Objective<\/strong><br>To reflect on and promote educational approaches oriented toward the integral formation of youth, from the perspective of preventive education, critical thinking, and the transcendent meaning of learning, contributing to social transformation and the strengthening of human dignity in contemporary contexts.<\/p>\n<p><strong>Thematic areas:<\/strong><\/p>\n<ol>\n<li>Intercultural education as an agent of change and social transformation for youth.<\/li>\n<li>The Salesian Preventive System and its contribution to educational models.<\/li>\n<li>Youth, education, and the development of critical thinking.<\/li>\n<li>Didactics and pedagogical approaches considering the transcendent meaning of learning and teaching.<\/li>\n<li>Youth educational horizons and human dignity in the digital age.<\/li>\n<li>Sports pedagogy in the integral and preventive development of youth.<\/li>\n<\/ol>\n<\/section>\n<\/div>\t\t\t\t\t\t\t\t<\/div>\n\t\t\t\t\t<\/div>\n\t\t\t\t<\/div>\n\t\t<div class=\"elementor-element elementor-element-c461af2 e-flex e-con-boxed e-con e-parent\" data-id=\"c461af2\" data-element_type=\"container\" data-e-type=\"container\">\n\t\t\t\t\t<div class=\"e-con-inner\">\n\t\t\t\t<div class=\"elementor-element elementor-element-22f8c1c elementor-widget elementor-widget-spacer\" data-id=\"22f8c1c\" data-element_type=\"widget\" data-e-type=\"widget\" data-widget_type=\"spacer.default\">\n\t\t\t\t\t\t\t<div class=\"elementor-spacer\">\n\t\t\t<div class=\"elementor-spacer-inner\"><\/div>\n\t\t<\/div>\n\t\t\t\t\t\t<\/div>\n\t\t\t\t\t<\/div>\n\t\t\t\t<\/div>\n\t\t\t\t<\/div>","protected":false},"excerpt":{"rendered":"<p>Ejes Tem\u00e1ticos Eje 1Tecnolog\u00edas Emergentes y Educaci\u00f3n Inteligente Eje 2Aprendizaje Personalizado y Sistemas Adaptativos Eje 3Gamificaci\u00f3n, Simulaci\u00f3n y Entornos Inmersivos Eje 4Juventud, Preventividad y Transformaci\u00f3n Social Aplicaciones de inteligencia artificial&#8230;<\/p>","protected":false},"author":3,"featured_media":0,"parent":0,"menu_order":0,"comment_status":"closed","ping_status":"closed","template":"","meta":{"_EventAllDay":false,"_EventTimezone":"","_EventStartDate":"","_EventEndDate":"","_EventStartDateUTC":"","_EventEndDateUTC":"","_EventShowMap":false,"_EventShowMapLink":false,"_EventURL":"","_EventCost":"","_EventCostDescription":"","_EventCurrencySymbol":"","_EventCurrencyCode":"","_EventCurrencyPosition":"","_EventDateTimeSeparator":"","_EventTimeRangeSeparator":"","_EventOrganizerID":[],"_EventVenueID":[],"_OrganizerEmail":"","_OrganizerPhone":"","_OrganizerWebsite":"","_VenueAddress":"","_VenueCity":"","_VenueCountry":"","_VenueProvince":"","_VenueState":"","_VenueZip":"","_VenuePhone":"","_VenueURL":"","_VenueStateProvince":"","_VenueLat":"","_VenueLng":"","_VenueShowMap":false,"_VenueShowMapLink":false,"_kadence_starter_templates_imported_post":false,"_kad_post_transparent":"","_kad_post_title":"hide","_kad_post_layout":"fullwidth","_kad_post_sidebar_id":"","_kad_post_content_style":"unboxed","_kad_post_vertical_padding":"hide","_kad_post_feature":"hide","_kad_post_feature_position":"","_kad_post_header":false,"_kad_post_footer":false,"_kad_post_classname":"","footnotes":""},"class_list":["post-1572","page","type-page","status-publish","hentry"],"yoast_head":"<!-- This site is optimized with the Yoast SEO plugin v27.1.1 - https:\/\/yoast.com\/product\/yoast-seo-wordpress\/ -->\n<title>Ejes Tem\u00e1ticos del Congreso Internacional de Educaci\u00f3n - CIE 2026<\/title>\n<meta name=\"description\" content=\"Tecnolog\u00edas Emergentes y Educaci\u00f3n Inteligente | Aprendizaje Personalizado y Sistemas Adaptativos | Gamificaci\u00f3n, Simulaci\u00f3n y Entornos Inmersivos | Juventud, Preventividad y Transformaci\u00f3n Social\" \/>\n<meta name=\"robots\" content=\"index, follow, max-snippet:-1, max-image-preview:large, max-video-preview:-1\" \/>\n<link rel=\"canonical\" href=\"https:\/\/cie.ups.edu.ec\/en\/ejes-tematicos\/\" \/>\n<meta property=\"og:locale\" content=\"en_US\" \/>\n<meta property=\"og:type\" content=\"article\" \/>\n<meta property=\"og:title\" content=\"Ejes Tem\u00e1ticos del Congreso Internacional de Educaci\u00f3n - CIE 2026\" \/>\n<meta property=\"og:description\" content=\"Tecnolog\u00edas Emergentes y Educaci\u00f3n Inteligente | Aprendizaje Personalizado y Sistemas Adaptativos | Gamificaci\u00f3n, Simulaci\u00f3n y Entornos Inmersivos | Juventud, Preventividad y Transformaci\u00f3n Social\" \/>\n<meta property=\"og:url\" content=\"https:\/\/cie.ups.edu.ec\/en\/ejes-tematicos\/\" \/>\n<meta property=\"article:modified_time\" content=\"2026-04-22T20:59:24+00:00\" \/>\n<meta name=\"twitter:card\" content=\"summary_large_image\" \/>\n<meta name=\"twitter:label1\" content=\"Est. reading time\" \/>\n\t<meta name=\"twitter:data1\" content=\"4 minutes\" \/>\n<script type=\"application\/ld+json\" class=\"yoast-schema-graph\">{\"@context\":\"https:\/\/schema.org\",\"@graph\":[{\"@type\":\"WebPage\",\"@id\":\"https:\/\/cie.ups.edu.ec\/ejes-tematicos\/\",\"url\":\"https:\/\/cie.ups.edu.ec\/ejes-tematicos\/\",\"name\":\"Ejes Tem\u00e1ticos del Congreso Internacional de Educaci\u00f3n - CIE 2026\",\"isPartOf\":{\"@id\":\"https:\/\/cie.ups.edu.ec\/#website\"},\"datePublished\":\"2026-02-20T22:22:06+00:00\",\"dateModified\":\"2026-04-22T20:59:24+00:00\",\"description\":\"Tecnolog\u00edas Emergentes y Educaci\u00f3n Inteligente | Aprendizaje Personalizado y Sistemas Adaptativos | Gamificaci\u00f3n, Simulaci\u00f3n y Entornos Inmersivos | Juventud, Preventividad y Transformaci\u00f3n Social\",\"breadcrumb\":{\"@id\":\"https:\/\/cie.ups.edu.ec\/ejes-tematicos\/#breadcrumb\"},\"inLanguage\":\"en-US\",\"potentialAction\":[{\"@type\":\"ReadAction\",\"target\":[\"https:\/\/cie.ups.edu.ec\/ejes-tematicos\/\"]}]},{\"@type\":\"BreadcrumbList\",\"@id\":\"https:\/\/cie.ups.edu.ec\/ejes-tematicos\/#breadcrumb\",\"itemListElement\":[{\"@type\":\"ListItem\",\"position\":1,\"name\":\"Portada\",\"item\":\"https:\/\/cie.ups.edu.ec\/\"},{\"@type\":\"ListItem\",\"position\":2,\"name\":\"Ejes Tem\u00e1ticos\"}]},{\"@type\":\"WebSite\",\"@id\":\"https:\/\/cie.ups.edu.ec\/#website\",\"url\":\"https:\/\/cie.ups.edu.ec\/\",\"name\":\"\",\"description\":\"\",\"potentialAction\":[{\"@type\":\"SearchAction\",\"target\":{\"@type\":\"EntryPoint\",\"urlTemplate\":\"https:\/\/cie.ups.edu.ec\/?s={search_term_string}\"},\"query-input\":{\"@type\":\"PropertyValueSpecification\",\"valueRequired\":true,\"valueName\":\"search_term_string\"}}],\"inLanguage\":\"en-US\"}]}<\/script>\n<!-- \/ Yoast SEO plugin. -->","yoast_head_json":{"title":"Ejes Tem\u00e1ticos del Congreso Internacional de Educaci\u00f3n - CIE 2026","description":"Tecnolog\u00edas Emergentes y Educaci\u00f3n Inteligente | Aprendizaje Personalizado y Sistemas Adaptativos | Gamificaci\u00f3n, Simulaci\u00f3n y Entornos Inmersivos | Juventud, Preventividad y Transformaci\u00f3n Social","robots":{"index":"index","follow":"follow","max-snippet":"max-snippet:-1","max-image-preview":"max-image-preview:large","max-video-preview":"max-video-preview:-1"},"canonical":"https:\/\/cie.ups.edu.ec\/en\/ejes-tematicos\/","og_locale":"en_US","og_type":"article","og_title":"Ejes Tem\u00e1ticos del Congreso Internacional de Educaci\u00f3n - CIE 2026","og_description":"Tecnolog\u00edas Emergentes y Educaci\u00f3n Inteligente | Aprendizaje Personalizado y Sistemas Adaptativos | Gamificaci\u00f3n, Simulaci\u00f3n y Entornos Inmersivos | Juventud, Preventividad y Transformaci\u00f3n Social","og_url":"https:\/\/cie.ups.edu.ec\/en\/ejes-tematicos\/","article_modified_time":"2026-04-22T20:59:24+00:00","twitter_card":"summary_large_image","twitter_misc":{"Est. reading time":"4 minutes"},"schema":{"@context":"https:\/\/schema.org","@graph":[{"@type":"WebPage","@id":"https:\/\/cie.ups.edu.ec\/ejes-tematicos\/","url":"https:\/\/cie.ups.edu.ec\/ejes-tematicos\/","name":"Ejes Tem\u00e1ticos del Congreso Internacional de Educaci\u00f3n - CIE 2026","isPartOf":{"@id":"https:\/\/cie.ups.edu.ec\/#website"},"datePublished":"2026-02-20T22:22:06+00:00","dateModified":"2026-04-22T20:59:24+00:00","description":"Tecnolog\u00edas Emergentes y Educaci\u00f3n Inteligente | Aprendizaje Personalizado y Sistemas Adaptativos | Gamificaci\u00f3n, Simulaci\u00f3n y Entornos Inmersivos | Juventud, Preventividad y Transformaci\u00f3n Social","breadcrumb":{"@id":"https:\/\/cie.ups.edu.ec\/ejes-tematicos\/#breadcrumb"},"inLanguage":"en-US","potentialAction":[{"@type":"ReadAction","target":["https:\/\/cie.ups.edu.ec\/ejes-tematicos\/"]}]},{"@type":"BreadcrumbList","@id":"https:\/\/cie.ups.edu.ec\/ejes-tematicos\/#breadcrumb","itemListElement":[{"@type":"ListItem","position":1,"name":"Portada","item":"https:\/\/cie.ups.edu.ec\/"},{"@type":"ListItem","position":2,"name":"Ejes Tem\u00e1ticos"}]},{"@type":"WebSite","@id":"https:\/\/cie.ups.edu.ec\/#website","url":"https:\/\/cie.ups.edu.ec\/","name":"","description":"","potentialAction":[{"@type":"SearchAction","target":{"@type":"EntryPoint","urlTemplate":"https:\/\/cie.ups.edu.ec\/?s={search_term_string}"},"query-input":{"@type":"PropertyValueSpecification","valueRequired":true,"valueName":"search_term_string"}}],"inLanguage":"en-US"}]}},"_links":{"self":[{"href":"https:\/\/cie.ups.edu.ec\/en\/wp-json\/wp\/v2\/pages\/1572","targetHints":{"allow":["GET"]}}],"collection":[{"href":"https:\/\/cie.ups.edu.ec\/en\/wp-json\/wp\/v2\/pages"}],"about":[{"href":"https:\/\/cie.ups.edu.ec\/en\/wp-json\/wp\/v2\/types\/page"}],"author":[{"embeddable":true,"href":"https:\/\/cie.ups.edu.ec\/en\/wp-json\/wp\/v2\/users\/3"}],"replies":[{"embeddable":true,"href":"https:\/\/cie.ups.edu.ec\/en\/wp-json\/wp\/v2\/comments?post=1572"}],"version-history":[{"count":71,"href":"https:\/\/cie.ups.edu.ec\/en\/wp-json\/wp\/v2\/pages\/1572\/revisions"}],"predecessor-version":[{"id":2471,"href":"https:\/\/cie.ups.edu.ec\/en\/wp-json\/wp\/v2\/pages\/1572\/revisions\/2471"}],"wp:attachment":[{"href":"https:\/\/cie.ups.edu.ec\/en\/wp-json\/wp\/v2\/media?parent=1572"}],"curies":[{"name":"wp","href":"https:\/\/api.w.org\/{rel}","templated":true}]}}