{"id":694,"date":"2021-03-23T19:55:06","date_gmt":"2021-03-23T16:55:06","guid":{"rendered":"https:\/\/www.grafas.org\/demo09\/?page_id=694"},"modified":"2026-04-15T10:39:51","modified_gmt":"2026-04-15T15:39:51","slug":"presentacion","status":"publish","type":"page","link":"https:\/\/cie.ups.edu.ec\/en\/presentacion\/","title":{"rendered":"Program"},"content":{"rendered":"<div data-elementor-type=\"wp-page\" data-elementor-id=\"694\" class=\"elementor elementor-694\">\n\t\t\t\t\t\t<section class=\"elementor-section elementor-top-section elementor-element elementor-element-902d289 elementor-section-height-min-height elementor-section-items-bottom elementor-section-boxed elementor-section-height-default\" data-id=\"902d289\" data-element_type=\"section\" data-e-type=\"section\" data-settings=\"{&quot;background_background&quot;:&quot;classic&quot;,&quot;shape_divider_bottom&quot;:&quot;pyramids&quot;}\">\n\t\t\t\t\t<div class=\"elementor-shape elementor-shape-bottom\" aria-hidden=\"true\" data-negative=\"false\">\n\t\t\t<svg xmlns=\"http:\/\/www.w3.org\/2000\/svg\" viewbox=\"0 0 1000 100\" preserveaspectratio=\"none\">\n\t<path class=\"elementor-shape-fill\" d=\"M761.9,44.1L643.1,27.2L333.8,98L0,3.8V0l1000,0v3.9\"\/>\n<\/svg>\t\t<\/div>\n\t\t\t\t\t<div class=\"elementor-container elementor-column-gap-default\">\n\t\t\t\t\t<div class=\"elementor-column elementor-col-100 elementor-top-column elementor-element elementor-element-9f4cd3e\" data-id=\"9f4cd3e\" data-element_type=\"column\" data-e-type=\"column\">\n\t\t\t<div class=\"elementor-widget-wrap elementor-element-populated\">\n\t\t\t\t\t\t<div class=\"elementor-element elementor-element-cfd4a54 elementor-widget__width-initial elementor-widget elementor-widget-heading\" data-id=\"cfd4a54\" data-element_type=\"widget\" data-e-type=\"widget\" data-widget_type=\"heading.default\">\n\t\t\t\t\t<h1 class=\"elementor-heading-title elementor-size-default\">Welcome to the VII International Conference on Education 2026<\/h1>\t\t\t\t<\/div>\n\t\t\t\t\t<\/div>\n\t\t<\/div>\n\t\t\t\t\t<\/div>\n\t\t<\/section>\n\t\t\t\t<section class=\"elementor-section elementor-top-section elementor-element elementor-element-6152b0e elementor-section-boxed elementor-section-height-default elementor-section-height-default\" data-id=\"6152b0e\" data-element_type=\"section\" data-e-type=\"section\" data-settings=\"{&quot;background_background&quot;:&quot;classic&quot;,&quot;shape_divider_top&quot;:&quot;pyramids&quot;}\">\n\t\t\t\t\t\t\t<div class=\"elementor-background-overlay\"><\/div>\n\t\t\t\t\t\t<div class=\"elementor-shape elementor-shape-top\" aria-hidden=\"true\" data-negative=\"false\">\n\t\t\t<svg xmlns=\"http:\/\/www.w3.org\/2000\/svg\" viewbox=\"0 0 1000 100\" preserveaspectratio=\"none\">\n\t<path class=\"elementor-shape-fill\" d=\"M761.9,44.1L643.1,27.2L333.8,98L0,3.8V0l1000,0v3.9\"\/>\n<\/svg>\t\t<\/div>\n\t\t\t\t\t<div class=\"elementor-container elementor-column-gap-default\">\n\t\t\t\t\t<div class=\"elementor-column elementor-col-100 elementor-top-column elementor-element elementor-element-3c5b96b\" data-id=\"3c5b96b\" data-element_type=\"column\" data-e-type=\"column\">\n\t\t\t<div class=\"elementor-widget-wrap\">\n\t\t\t\t\t\t\t<\/div>\n\t\t<\/div>\n\t\t\t\t\t<\/div>\n\t\t<\/section>\n\t\t\t\t<section class=\"elementor-section elementor-top-section elementor-element elementor-element-7faa732 elementor-section-boxed elementor-section-height-default elementor-section-height-default\" data-id=\"7faa732\" data-element_type=\"section\" data-e-type=\"section\">\n\t\t\t\t\t\t<div class=\"elementor-container elementor-column-gap-default\">\n\t\t\t\t\t<div class=\"elementor-column elementor-col-100 elementor-top-column elementor-element elementor-element-6bb4976\" data-id=\"6bb4976\" data-element_type=\"column\" data-e-type=\"column\">\n\t\t\t<div class=\"elementor-widget-wrap elementor-element-populated\">\n\t\t\t\t\t\t<div class=\"elementor-element elementor-element-ed792be elementor-widget elementor-widget-text-editor\" data-id=\"ed792be\" data-element_type=\"widget\" data-e-type=\"widget\" data-widget_type=\"text-editor.default\">\n\t\t\t\t\t\t\t\t\t<p>The <strong>International Conference on Education (CIE 2026)<\/strong> seeks to create an academic space for discussion, reflection, and knowledge exchange focused on analyzing the contemporary challenges of education in a global context characterized by digital transformation, pedagogical innovation, and sociocultural changes that impact educational systems.<\/p><p>Within this framework, the <strong>Salesian Polytechnic University of Ecuador<\/strong> extends a warm welcome to researchers, educators, students, and professionals who will participate in the <strong>International Conference on Education (CIE 2026)<\/strong><b>,<\/b> which will take place from <strong>23 al 25 de noviembre de 2026<\/strong>. This academic event aims to consolidate itself as a platform for scientific dialogue where participants can share research results, educational experiences, and methodological proposals that work towards strengthening teaching and learning processes in diverse educational contexts.<\/p><p>The conference is a response to the need of creating spaces for academic discussion that allow for a critical analysis of the transformations taking place in contemporary education. Technological advances, the expansion of digital learning environments, new dynamics in knowledge production, and challenges related to educational inclusion and equity,  highlight the need to rethink pedagogical practices and educational models. Within this context, the event strives to foster interdisciplinary exchange among researchers and professionals who are committed to educational innovation and the development of proposals that contribute to the improvement of the quality of education.<\/p><p>The <strong>CIE 2026<\/strong> also possesses a strong <strong>international scope<\/strong><b>, <\/b>oriented toward promoting academic cooperation among universities, research centers, and scientific communities from different countries. The participation of invited speakers, researchers, and reviewers from various institutions will enrich the academic debate, broaden analytical perspectives, and strengthen the development of research networks that contribute to advancing knowledge in the field of education.<\/p><p>The conference is intended towards <strong>researchers, educators, undergraduate and graduate students, educational leaders, and professionals interested in pedagogical innovation, educational communication, and the use of technologies in teaching and learning processes.<\/strong><b>.<\/b> La diversidad de participantes permitir\u00e1 generar un espacio plural de reflexi\u00f3n acad\u00e9mica que favorezca el di\u00e1logo interdisciplinario y la construcci\u00f3n colectiva de conocimiento.<\/p><p>In this manner, the <strong>International Conference on Education (CIE 2026)<\/strong> aspires to establish itself as a space for scientific exchange that fosters new research perspectives, promotes international academic collaboration, and contributes to the development of innovative proposals aimed at strengthening educational systems in the contemporary context.<\/p>\t\t\t\t\t\t\t\t<\/div>\n\t\t\t\t\t<\/div>\n\t\t<\/div>\n\t\t\t\t\t<\/div>\n\t\t<\/section>\n\t\t<div class=\"elementor-element elementor-element-e3c04d3 e-flex e-con-boxed e-con e-parent\" data-id=\"e3c04d3\" data-element_type=\"container\" data-e-type=\"container\">\n\t\t\t\t\t<div class=\"e-con-inner\">\n\t\t\t\t<div class=\"elementor-element elementor-element-dfae7f8 elementor-widget elementor-widget-spacer\" data-id=\"dfae7f8\" data-element_type=\"widget\" data-e-type=\"widget\" data-widget_type=\"spacer.default\">\n\t\t\t\t\t\t\t<div class=\"elementor-spacer\">\n\t\t\t<div class=\"elementor-spacer-inner\"><\/div>\n\t\t<\/div>\n\t\t\t\t\t\t<\/div>\n\t\t\t\t\t<\/div>\n\t\t\t\t<\/div>\n\t\t\t\t<\/div>","protected":false},"excerpt":{"rendered":"<p>Bienvenidos al VII Congreso Internacional de Educaci\u00f3n 2026 El Congreso Internacional de Educaci\u00f3n (CIE 2026) tiene como prop\u00f3sito generar un espacio acad\u00e9mico de encuentro, reflexi\u00f3n e intercambio de conocimientos orientado&#8230;<\/p>","protected":false},"author":1137,"featured_media":0,"parent":0,"menu_order":0,"comment_status":"closed","ping_status":"closed","template":"","meta":{"_EventAllDay":false,"_EventTimezone":"","_EventStartDate":"","_EventEndDate":"","_EventStartDateUTC":"","_EventEndDateUTC":"","_EventShowMap":false,"_EventShowMapLink":false,"_EventURL":"","_EventCost":"","_EventCostDescription":"","_EventCurrencySymbol":"","_EventCurrencyCode":"","_EventCurrencyPosition":"","_EventDateTimeSeparator":"","_EventTimeRangeSeparator":"","_EventOrganizerID":[],"_EventVenueID":[],"_OrganizerEmail":"","_OrganizerPhone":"","_OrganizerWebsite":"","_VenueAddress":"","_VenueCity":"","_VenueCountry":"","_VenueProvince":"","_VenueState":"","_VenueZip":"","_VenuePhone":"","_VenueURL":"","_VenueStateProvince":"","_VenueLat":"","_VenueLng":"","_VenueShowMap":false,"_VenueShowMapLink":false,"_kadence_starter_templates_imported_post":true,"_kad_post_transparent":"","_kad_post_title":"hide","_kad_post_layout":"fullwidth","_kad_post_sidebar_id":"","_kad_post_content_style":"unboxed","_kad_post_vertical_padding":"hide","_kad_post_feature":"hide","_kad_post_feature_position":"","_kad_post_header":false,"_kad_post_footer":false,"_kad_post_classname":"","footnotes":""},"class_list":["post-694","page","type-page","status-publish","hentry"],"yoast_head":"<!-- This site is optimized with the Yoast SEO plugin v27.1.1 - https:\/\/yoast.com\/product\/yoast-seo-wordpress\/ -->\n<title>Bienvenidos al VII Congreso Internacional de Educaci\u00f3n 2026<\/title>\n<meta name=\"description\" content=\"El CIE 2026 re\u00fane a acad\u00e9micos y profesionales nacionales e internacionales para analizar los desaf\u00edos contempor\u00e1neos de la educaci\u00f3n en un contexto global caracterizado por la transformaci\u00f3n digital, la innovaci\u00f3n pedag\u00f3gica y los cambios socioculturales que impactan los sistemas educativos.\" \/>\n<meta name=\"robots\" content=\"index, follow, max-snippet:-1, max-image-preview:large, max-video-preview:-1\" \/>\n<link rel=\"canonical\" href=\"https:\/\/cie.ups.edu.ec\/en\/presentacion\/\" \/>\n<meta property=\"og:locale\" content=\"en_US\" \/>\n<meta property=\"og:type\" content=\"article\" \/>\n<meta property=\"og:title\" content=\"Bienvenidos al VII Congreso Internacional de Educaci\u00f3n 2026\" \/>\n<meta property=\"og:description\" content=\"El CIE 2026 re\u00fane a acad\u00e9micos y profesionales nacionales e internacionales para analizar los desaf\u00edos contempor\u00e1neos de la educaci\u00f3n en un contexto global caracterizado por la transformaci\u00f3n digital, la innovaci\u00f3n pedag\u00f3gica y los cambios socioculturales que impactan los sistemas educativos.\" \/>\n<meta property=\"og:url\" content=\"https:\/\/cie.ups.edu.ec\/en\/presentacion\/\" \/>\n<meta property=\"article:modified_time\" content=\"2026-04-15T15:39:51+00:00\" \/>\n<meta name=\"twitter:card\" content=\"summary_large_image\" \/>\n<meta name=\"twitter:label1\" content=\"Est. reading time\" \/>\n\t<meta name=\"twitter:data1\" content=\"2 minutes\" \/>\n<script type=\"application\/ld+json\" class=\"yoast-schema-graph\">{\"@context\":\"https:\/\/schema.org\",\"@graph\":[{\"@type\":\"WebPage\",\"@id\":\"https:\/\/cie.ups.edu.ec\/presentacion\/\",\"url\":\"https:\/\/cie.ups.edu.ec\/presentacion\/\",\"name\":\"Bienvenidos al VII Congreso Internacional de Educaci\u00f3n 2026\",\"isPartOf\":{\"@id\":\"https:\/\/cie.ups.edu.ec\/#website\"},\"datePublished\":\"2021-03-23T16:55:06+00:00\",\"dateModified\":\"2026-04-15T15:39:51+00:00\",\"description\":\"El CIE 2026 re\u00fane a acad\u00e9micos y profesionales nacionales e internacionales para analizar los desaf\u00edos contempor\u00e1neos de la educaci\u00f3n en un contexto global caracterizado por la transformaci\u00f3n digital, la innovaci\u00f3n pedag\u00f3gica y los cambios socioculturales que impactan los sistemas educativos.\",\"breadcrumb\":{\"@id\":\"https:\/\/cie.ups.edu.ec\/presentacion\/#breadcrumb\"},\"inLanguage\":\"en-US\",\"potentialAction\":[{\"@type\":\"ReadAction\",\"target\":[\"https:\/\/cie.ups.edu.ec\/presentacion\/\"]}]},{\"@type\":\"BreadcrumbList\",\"@id\":\"https:\/\/cie.ups.edu.ec\/presentacion\/#breadcrumb\",\"itemListElement\":[{\"@type\":\"ListItem\",\"position\":1,\"name\":\"Portada\",\"item\":\"https:\/\/cie.ups.edu.ec\/\"},{\"@type\":\"ListItem\",\"position\":2,\"name\":\"Presentacion\"}]},{\"@type\":\"WebSite\",\"@id\":\"https:\/\/cie.ups.edu.ec\/#website\",\"url\":\"https:\/\/cie.ups.edu.ec\/\",\"name\":\"\",\"description\":\"\",\"potentialAction\":[{\"@type\":\"SearchAction\",\"target\":{\"@type\":\"EntryPoint\",\"urlTemplate\":\"https:\/\/cie.ups.edu.ec\/?s={search_term_string}\"},\"query-input\":{\"@type\":\"PropertyValueSpecification\",\"valueRequired\":true,\"valueName\":\"search_term_string\"}}],\"inLanguage\":\"en-US\"}]}<\/script>\n<!-- \/ Yoast SEO plugin. -->","yoast_head_json":{"title":"Welcome to the VII International Conference on Education 2026","description":"El CIE 2026 re\u00fane a acad\u00e9micos y profesionales nacionales e internacionales para analizar los desaf\u00edos contempor\u00e1neos de la educaci\u00f3n en un contexto global caracterizado por la transformaci\u00f3n digital, la innovaci\u00f3n pedag\u00f3gica y los cambios socioculturales que impactan los sistemas educativos.","robots":{"index":"index","follow":"follow","max-snippet":"max-snippet:-1","max-image-preview":"max-image-preview:large","max-video-preview":"max-video-preview:-1"},"canonical":"https:\/\/cie.ups.edu.ec\/en\/presentacion\/","og_locale":"en_US","og_type":"article","og_title":"Bienvenidos al VII Congreso Internacional de Educaci\u00f3n 2026","og_description":"El CIE 2026 re\u00fane a acad\u00e9micos y profesionales nacionales e internacionales para analizar los desaf\u00edos contempor\u00e1neos de la educaci\u00f3n en un contexto global caracterizado por la transformaci\u00f3n digital, la innovaci\u00f3n pedag\u00f3gica y los cambios socioculturales que impactan los sistemas educativos.","og_url":"https:\/\/cie.ups.edu.ec\/en\/presentacion\/","article_modified_time":"2026-04-15T15:39:51+00:00","twitter_card":"summary_large_image","twitter_misc":{"Est. reading time":"2 minutes"},"schema":{"@context":"https:\/\/schema.org","@graph":[{"@type":"WebPage","@id":"https:\/\/cie.ups.edu.ec\/presentacion\/","url":"https:\/\/cie.ups.edu.ec\/presentacion\/","name":"Welcome to the VII International Conference on Education 2026","isPartOf":{"@id":"https:\/\/cie.ups.edu.ec\/#website"},"datePublished":"2021-03-23T16:55:06+00:00","dateModified":"2026-04-15T15:39:51+00:00","description":"El CIE 2026 re\u00fane a acad\u00e9micos y profesionales nacionales e internacionales para analizar los desaf\u00edos contempor\u00e1neos de la educaci\u00f3n en un contexto global caracterizado por la transformaci\u00f3n digital, la innovaci\u00f3n pedag\u00f3gica y los cambios socioculturales que impactan los sistemas educativos.","breadcrumb":{"@id":"https:\/\/cie.ups.edu.ec\/presentacion\/#breadcrumb"},"inLanguage":"en-US","potentialAction":[{"@type":"ReadAction","target":["https:\/\/cie.ups.edu.ec\/presentacion\/"]}]},{"@type":"BreadcrumbList","@id":"https:\/\/cie.ups.edu.ec\/presentacion\/#breadcrumb","itemListElement":[{"@type":"ListItem","position":1,"name":"Portada","item":"https:\/\/cie.ups.edu.ec\/"},{"@type":"ListItem","position":2,"name":"Presentacion"}]},{"@type":"WebSite","@id":"https:\/\/cie.ups.edu.ec\/#website","url":"https:\/\/cie.ups.edu.ec\/","name":"","description":"","potentialAction":[{"@type":"SearchAction","target":{"@type":"EntryPoint","urlTemplate":"https:\/\/cie.ups.edu.ec\/?s={search_term_string}"},"query-input":{"@type":"PropertyValueSpecification","valueRequired":true,"valueName":"search_term_string"}}],"inLanguage":"en-US"}]}},"_links":{"self":[{"href":"https:\/\/cie.ups.edu.ec\/en\/wp-json\/wp\/v2\/pages\/694","targetHints":{"allow":["GET"]}}],"collection":[{"href":"https:\/\/cie.ups.edu.ec\/en\/wp-json\/wp\/v2\/pages"}],"about":[{"href":"https:\/\/cie.ups.edu.ec\/en\/wp-json\/wp\/v2\/types\/page"}],"author":[{"embeddable":true,"href":"https:\/\/cie.ups.edu.ec\/en\/wp-json\/wp\/v2\/users\/1137"}],"replies":[{"embeddable":true,"href":"https:\/\/cie.ups.edu.ec\/en\/wp-json\/wp\/v2\/comments?post=694"}],"version-history":[{"count":41,"href":"https:\/\/cie.ups.edu.ec\/en\/wp-json\/wp\/v2\/pages\/694\/revisions"}],"predecessor-version":[{"id":2403,"href":"https:\/\/cie.ups.edu.ec\/en\/wp-json\/wp\/v2\/pages\/694\/revisions\/2403"}],"wp:attachment":[{"href":"https:\/\/cie.ups.edu.ec\/en\/wp-json\/wp\/v2\/media?parent=694"}],"curies":[{"name":"wp","href":"https:\/\/api.w.org\/{rel}","templated":true}]}}